{"id":564,"date":"2024-04-05T15:10:48","date_gmt":"2024-04-05T15:10:48","guid":{"rendered":"https:\/\/eventsnaps.de\/?page_id=564"},"modified":"2024-04-16T12:54:35","modified_gmt":"2024-04-16T12:54:35","slug":"faqs","status":"publish","type":"page","link":"https:\/\/eventsnaps.de\/en\/faqs\/","title":{"rendered":"FAQs"},"content":{"rendered":"\n[et_pb_section fb_built=&#8220;1&#8243; _builder_version=&#8220;4.24.2&#8243; _module_preset=&#8220;default&#8220; background_color=&#8220;#000000&#8243; global_colors_info=&#8220;{}&#8220;][et_pb_row _builder_version=&#8220;4.24.2&#8243; _module_preset=&#8220;default&#8220; global_colors_info=&#8220;{}&#8220;][et_pb_column type=&#8220;4_4&#8243; _builder_version=&#8220;4.24.2&#8243; _module_preset=&#8220;default&#8220; global_colors_info=&#8220;{}&#8220;][et_pb_text _builder_version=&#8220;4.24.2&#8243; _module_preset=&#8220;default&#8220; header_font=&#8220;|800|||||||&#8220; header_text_color=&#8220;#cfa63d&#8220; header_font_size=&#8220;54px&#8220; header_letter_spacing=&#8220;-1px&#8220; global_colors_info=&#8220;{}&#8220;]<h1>H\u00e4ufig gestellte Fragen &#8211; FAQs<\/h1>[\/et_pb_text][et_pb_accordion _builder_version=&#8220;4.24.2&#8243; _module_preset=&#8220;default&#8220; toggle_font_size=&#8220;20px&#8220; body_font_size=&#8220;16px&#8220; global_colors_info=&#8220;{}&#8220;][et_pb_accordion_item title=&#8220;Was ist im Fotobox-Paket enthalten?&#8220; open=&#8220;on&#8220; _builder_version=&#8220;4.24.2&#8243; _module_preset=&#8220;default&#8220; global_colors_info=&#8220;{}&#8220;]<p>Der Aufbau, Lieferung und Abbau der Fotobox ist inkludiert. Au\u00dferdem liefern wir zur Fotobox standartm\u00e4\u00dfig lustigen Foto Props (das sind kleine Holzst\u00f6ckchen mit lustigen Pappmotiven am Ende), die deine G\u00e4ste beim Foto machen inspirieren und Spa\u00df bringen. Bestellst du eines unserer Mottopartypakete, erh\u00e4ltst du mehr Requisiten und\/oder auch Partydekoration.<\/p>[\/et_pb_accordion_item][et_pb_accordion_item title=&#8220;Muss ich die Requisiten f\u00fcr die individuellen Mottoparties und die Dekoration zur\u00fcckgeben?&#8220; _builder_version=&#8220;4.24.2&#8243; _module_preset=&#8220;default&#8220; global_colors_info=&#8220;{}&#8220; open=&#8220;off&#8220;]<p>Nein. Da du die Requisiten und Dekoration gekauft hast, musst du sie nicht zur\u00fcckgeben und kannst sie als Erinnerung an ein tolles Event behalten oder deinen G\u00e4sten als Andenken mitgeben.<\/p>[\/et_pb_accordion_item][et_pb_accordion_item title=&#8220;Kann ich die Requisiten auch mieten?&#8220; _builder_version=&#8220;4.24.2&#8243; _module_preset=&#8220;default&#8220; global_colors_info=&#8220;{}&#8220; open=&#8220;off&#8220;]<p>Nein. Da uns Hygiene sehr wichtig ist, stellen wir f\u00fcr jede Party nur neue Requisiten zur Verf\u00fcgung, die du von uns kaufst.<\/p>[\/et_pb_accordion_item][et_pb_accordion_item title=&#8220;Bietet ihr eine Greenscreen-Option an?&#8220; _builder_version=&#8220;4.24.2&#8243; _module_preset=&#8220;default&#8220; global_colors_info=&#8220;{}&#8220; open=&#8220;off&#8220;]<p>Absolut! Wir bieten Greenscreen-Technologie f\u00fcr noch individuellere Hintergr\u00fcnde an. Lass uns einfach deine Ideen wissen.<\/p>[\/et_pb_accordion_item][et_pb_accordion_item title=&#8220;Was passiert, wenn die Fotobox w\u00e4hrend der Mietzeit besch\u00e4digt wird?&#8220; _builder_version=&#8220;4.24.2&#8243; _module_preset=&#8220;default&#8220; global_colors_info=&#8220;{}&#8220; open=&#8220;off&#8220;]<p>Bei der Auswahl unserer Fotobox haben wir insbesondere darauf geachtet, dass die Box stabil und auch f\u00fcr wildere Zusammenk\u00fcnfte geeignet ist. Die Technik im Inneren der Box ist nat\u00fcrlich sensibel, daher darf die Box nicht ohne unsere Zustimmung ge\u00f6ffnet werden. Sollte es doch zu einer Besch\u00e4digung der Box oder der Technik kommen, tr\u00e4gst du die Reparaturkosten.<\/p>[\/et_pb_accordion_item][et_pb_accordion_item title=&#8220;Ausschalten der Box&#8220; _builder_version=&#8220;4.24.2&#8243; _module_preset=&#8220;default&#8220; global_colors_info=&#8220;{}&#8220; open=&#8220;off&#8220;]<p>Bitte ziehe nicht einfach den Stecker aus der Steckdose w\u00e4hrend die Box angeschaltet ist. Dadurch k\u00f6nnte es zu einem Verlust der Bilder kommen. Dr\u00fccke zuerst den Ausschaltknopf des integrierten Laptops und ziehe dann den Stecker. Wir zeigen dir wie das geht.<\/p>[\/et_pb_accordion_item][et_pb_accordion_item title=&#8220;\u00d6ffnen der Fotobox&#8220; _builder_version=&#8220;4.24.2&#8243; _module_preset=&#8220;default&#8220; global_colors_info=&#8220;{}&#8220; open=&#8220;off&#8220;]<p>Die Fotobox darf nicht ge\u00f6ffnet werden, da die Technik im Inneren sensibel ist. Eine Ausnahme besteht, wenn du Zusatzdrucke bestellt hast und das Druckerpapier gewechselt werden muss.<\/p>[\/et_pb_accordion_item][et_pb_accordion_item title=&#8220;Gibt es eine Begrenzung f\u00fcr die Anzahl der Fotos, die gedruckt werden k\u00f6nnen?&#8220; _builder_version=&#8220;4.24.2&#8243; _module_preset=&#8220;default&#8220; global_colors_info=&#8220;{}&#8220; open=&#8220;off&#8220;]<p>Du kannst w\u00e4hrend der Mietdauer so viele Fotos ausdrucken, wie du in deinem Paket gebucht hast. Mit einer Fotorolle lassen sich 300 Bilder drucken.<\/p>[\/et_pb_accordion_item][et_pb_accordion_item title=&#8220;Was mache ich, wenn das Druckerpapier leer ist?&#8220; _builder_version=&#8220;4.24.2&#8243; _module_preset=&#8220;default&#8220; global_colors_info=&#8220;{}&#8220; open=&#8220;off&#8220;]<p>Mit einer Rolle Papier kannst du 300 Fotos drucken. Bestellst du zus\u00e4tzliche Fotos, muss nach 300 Bildern eine neue Rolle Druckpapier eingelegt werden. Wir erkl\u00e4ren dir dann vor dem Event wie das funktioniert. Es ist ganz einfach.<\/p>[\/et_pb_accordion_item][et_pb_accordion_item title=&#8220;Wie lange im Voraus sollte ich die Fotobox buchen?&#8220; _builder_version=&#8220;4.24.2&#8243; _module_preset=&#8220;default&#8220; global_colors_info=&#8220;{}&#8220; open=&#8220;off&#8220;]<p>Die Fotobox kann je nach Verf\u00fcgbarkeit gebucht werden. Wir empfehlen eine fr\u00fchzeitige Buchung, um sicherzustellen, dass eine Fotobox an deinem Wunschtermin verf\u00fcgbar ist.<\/p>[\/et_pb_accordion_item][et_pb_accordion_item title=&#8220;Ben\u00f6tigt die Fotobox einen Stromanschluss?&#8220; _builder_version=&#8220;4.24.2&#8243; _module_preset=&#8220;default&#8220; global_colors_info=&#8220;{}&#8220; open=&#8220;off&#8220;]<p>Ja, die Fotobox ben\u00f6tigt einen standardm\u00e4\u00dfigen 220 V-Stromanschluss. Der Standort der Fotobox sollte sich m\u00f6glichst ca. 3 Meter von einer Steckdose entfernt befinden.<\/p>[\/et_pb_accordion_item][et_pb_accordion_item title=&#8220;Wie viel Platz ben\u00f6tigt die Fotobox?&#8220; _builder_version=&#8220;4.24.2&#8243; _module_preset=&#8220;default&#8220; global_colors_info=&#8220;{}&#8220; open=&#8220;off&#8220;]<p>F\u00fcr den optimalen Betrieb empfehlen wir einen Platz von mindestens 2 x 3 Metern. Dies erm\u00f6glicht ausreichend Raum f\u00fcr die Fotobox selbst, die Requisiten und die G\u00e4ste.<\/p>[\/et_pb_accordion_item][et_pb_accordion_item title=&#8220;K\u00f6nnen wir die Fotos auch digital erhalten?&#8220; _builder_version=&#8220;4.24.2&#8243; _module_preset=&#8220;default&#8220; global_colors_info=&#8220;{}&#8220; open=&#8220;off&#8220;]<p>Ja, nach dem Event erh\u00e4ltst du einen Link zu einer Online-Galerie, in der alle Fotos zur Ansicht und zum Download verf\u00fcgbar sind. Die Galerie ist nat\u00fcrlich passwortgesch\u00fctzt, so dass nur du und deine G\u00e4ste Zugriff auf die Bilder haben.\u00a0 Du kannst dich nat\u00fcrlich auch daf\u00fcr entscheiden die Bilder nicht in der Online-Galerie hochzuladen, sondern nur auf einem USB Stick zu erhalten.<\/p>[\/et_pb_accordion_item][et_pb_accordion_item title=&#8220;Wie erhalten wir Zugang zu unseren Fotos nach dem Event?&#8220; _builder_version=&#8220;4.24.2&#8243; _module_preset=&#8220;default&#8220; global_colors_info=&#8220;{}&#8220; open=&#8220;off&#8220;]<p>Du erh\u00e4ltst einen USB Stick mit allen Bildern in Originalqualit\u00e4t. Au\u00dferdem laden wir, wenn du m\u00f6chtest, die Fotos nach deinem Event in unserer passwortgesch\u00fctzten Onlinegalerie auf unserer Webseite hoch, damit auch deine G\u00e4ste einfach Zugriff auf die Bilder bekommen. Die Fotos in der Galerie haben eine geringere Aufl\u00f6sung, eignen sich aber trotzdem perfekt f\u00fcr Ausdrucke.<\/p>[\/et_pb_accordion_item][\/et_pb_accordion][\/et_pb_column][\/et_pb_row][\/et_pb_section]\n","protected":false},"excerpt":{"rendered":"<p>H\u00e4ufig gestellte Fragen &#8211; FAQsDer Aufbau, Lieferung und Abbau der Fotobox ist inkludiert. Au\u00dferdem liefern wir zur Fotobox standartm\u00e4\u00dfig lustigen Foto Props (das sind kleine Holzst\u00f6ckchen mit lustigen Pappmotiven am Ende), die deine G\u00e4ste beim Foto machen inspirieren und Spa\u00df bringen. Bestellst du eines unserer Mottopartypakete, erh\u00e4ltst du mehr Requisiten und\/oder auch Partydekoration.Nein. Da du [&hellip;]<\/p>\n","protected":false},"author":2,"featured_media":0,"parent":0,"menu_order":0,"comment_status":"closed","ping_status":"closed","template":"","meta":{"_et_pb_use_builder":"on","_et_pb_old_content":"","_et_gb_content_width":"","footnotes":""},"class_list":["post-564","page","type-page","status-publish","hentry"],"yoast_head":"<!-- This site is optimized with the Yoast SEO plugin v27.4 - https:\/\/yoast.com\/product\/yoast-seo-wordpress\/ -->\n<title>FAQs<\/title>\n<meta name=\"description\" content=\"FAQs zu allen Fragen rund um unsere Fotobox. Miete jetzt deine Fotobox und verwandle deine Feier in ein unvergessliches Event!\" \/>\n<meta name=\"robots\" content=\"index, follow, max-snippet:-1, max-image-preview:large, max-video-preview:-1\" \/>\n<link rel=\"canonical\" href=\"https:\/\/eventsnaps.de\/en\/faqs\/\" \/>\n<meta property=\"og:locale\" content=\"en_US\" \/>\n<meta property=\"og:type\" content=\"article\" \/>\n<meta property=\"og:title\" content=\"FAQs\" \/>\n<meta property=\"og:description\" content=\"FAQs zu allen Fragen rund um unsere Fotobox. Miete jetzt deine Fotobox und verwandle deine Feier in ein unvergessliches Event!\" \/>\n<meta property=\"og:url\" content=\"https:\/\/eventsnaps.de\/en\/faqs\/\" \/>\n<meta property=\"og:site_name\" content=\"Eventsnaps\" \/>\n<meta property=\"article:modified_time\" content=\"2024-04-16T12:54:35+00:00\" \/>\n<meta name=\"twitter:card\" content=\"summary_large_image\" \/>\n<meta name=\"twitter:label1\" content=\"Est. reading time\" \/>\n\t<meta name=\"twitter:data1\" content=\"4 minutes\" \/>\n<script type=\"application\/ld+json\" class=\"yoast-schema-graph\">{\"@context\":\"https:\\\/\\\/schema.org\",\"@graph\":[{\"@type\":\"WebPage\",\"@id\":\"https:\\\/\\\/eventsnaps.de\\\/faqs\\\/\",\"url\":\"https:\\\/\\\/eventsnaps.de\\\/faqs\\\/\",\"name\":\"FAQs\",\"isPartOf\":{\"@id\":\"https:\\\/\\\/eventsnaps.de\\\/#website\"},\"datePublished\":\"2024-04-05T15:10:48+00:00\",\"dateModified\":\"2024-04-16T12:54:35+00:00\",\"description\":\"FAQs zu allen Fragen rund um unsere Fotobox. Miete jetzt deine Fotobox und verwandle deine Feier in ein unvergessliches Event!\",\"breadcrumb\":{\"@id\":\"https:\\\/\\\/eventsnaps.de\\\/faqs\\\/#breadcrumb\"},\"inLanguage\":\"en-US\",\"potentialAction\":[{\"@type\":\"ReadAction\",\"target\":[\"https:\\\/\\\/eventsnaps.de\\\/faqs\\\/\"]}]},{\"@type\":\"BreadcrumbList\",\"@id\":\"https:\\\/\\\/eventsnaps.de\\\/faqs\\\/#breadcrumb\",\"itemListElement\":[{\"@type\":\"ListItem\",\"position\":1,\"name\":\"Startseite\",\"item\":\"https:\\\/\\\/eventsnaps.de\\\/\"},{\"@type\":\"ListItem\",\"position\":2,\"name\":\"FAQs\"}]},{\"@type\":\"WebSite\",\"@id\":\"https:\\\/\\\/eventsnaps.de\\\/#website\",\"url\":\"https:\\\/\\\/eventsnaps.de\\\/\",\"name\":\"Eventsnaps\",\"description\":\"\",\"potentialAction\":[{\"@type\":\"SearchAction\",\"target\":{\"@type\":\"EntryPoint\",\"urlTemplate\":\"https:\\\/\\\/eventsnaps.de\\\/?s={search_term_string}\"},\"query-input\":{\"@type\":\"PropertyValueSpecification\",\"valueRequired\":true,\"valueName\":\"search_term_string\"}}],\"inLanguage\":\"en-US\"}]}<\/script>\n<!-- \/ Yoast SEO plugin. -->","yoast_head_json":{"title":"FAQs","description":"FAQs zu allen Fragen rund um unsere Fotobox. Miete jetzt deine Fotobox und verwandle deine Feier in ein unvergessliches Event!","robots":{"index":"index","follow":"follow","max-snippet":"max-snippet:-1","max-image-preview":"max-image-preview:large","max-video-preview":"max-video-preview:-1"},"canonical":"https:\/\/eventsnaps.de\/en\/faqs\/","og_locale":"en_US","og_type":"article","og_title":"FAQs","og_description":"FAQs zu allen Fragen rund um unsere Fotobox. Miete jetzt deine Fotobox und verwandle deine Feier in ein unvergessliches Event!","og_url":"https:\/\/eventsnaps.de\/en\/faqs\/","og_site_name":"Eventsnaps","article_modified_time":"2024-04-16T12:54:35+00:00","twitter_card":"summary_large_image","twitter_misc":{"Est. reading time":"4 minutes"},"schema":{"@context":"https:\/\/schema.org","@graph":[{"@type":"WebPage","@id":"https:\/\/eventsnaps.de\/faqs\/","url":"https:\/\/eventsnaps.de\/faqs\/","name":"FAQs","isPartOf":{"@id":"https:\/\/eventsnaps.de\/#website"},"datePublished":"2024-04-05T15:10:48+00:00","dateModified":"2024-04-16T12:54:35+00:00","description":"FAQs zu allen Fragen rund um unsere Fotobox. Miete jetzt deine Fotobox und verwandle deine Feier in ein unvergessliches Event!","breadcrumb":{"@id":"https:\/\/eventsnaps.de\/faqs\/#breadcrumb"},"inLanguage":"en-US","potentialAction":[{"@type":"ReadAction","target":["https:\/\/eventsnaps.de\/faqs\/"]}]},{"@type":"BreadcrumbList","@id":"https:\/\/eventsnaps.de\/faqs\/#breadcrumb","itemListElement":[{"@type":"ListItem","position":1,"name":"Startseite","item":"https:\/\/eventsnaps.de\/"},{"@type":"ListItem","position":2,"name":"FAQs"}]},{"@type":"WebSite","@id":"https:\/\/eventsnaps.de\/#website","url":"https:\/\/eventsnaps.de\/","name":"Eventsnaps","description":"","potentialAction":[{"@type":"SearchAction","target":{"@type":"EntryPoint","urlTemplate":"https:\/\/eventsnaps.de\/?s={search_term_string}"},"query-input":{"@type":"PropertyValueSpecification","valueRequired":true,"valueName":"search_term_string"}}],"inLanguage":"en-US"}]}},"_links":{"self":[{"href":"https:\/\/eventsnaps.de\/en\/wp-json\/wp\/v2\/pages\/564","targetHints":{"allow":["GET"]}}],"collection":[{"href":"https:\/\/eventsnaps.de\/en\/wp-json\/wp\/v2\/pages"}],"about":[{"href":"https:\/\/eventsnaps.de\/en\/wp-json\/wp\/v2\/types\/page"}],"author":[{"embeddable":true,"href":"https:\/\/eventsnaps.de\/en\/wp-json\/wp\/v2\/users\/2"}],"replies":[{"embeddable":true,"href":"https:\/\/eventsnaps.de\/en\/wp-json\/wp\/v2\/comments?post=564"}],"version-history":[{"count":12,"href":"https:\/\/eventsnaps.de\/en\/wp-json\/wp\/v2\/pages\/564\/revisions"}],"predecessor-version":[{"id":947,"href":"https:\/\/eventsnaps.de\/en\/wp-json\/wp\/v2\/pages\/564\/revisions\/947"}],"wp:attachment":[{"href":"https:\/\/eventsnaps.de\/en\/wp-json\/wp\/v2\/media?parent=564"}],"curies":[{"name":"wp","href":"https:\/\/api.w.org\/{rel}","templated":true}]}}