{"id":352,"date":"2024-03-20T14:04:35","date_gmt":"2024-03-20T14:04:35","guid":{"rendered":"https:\/\/eventsnaps.de\/?page_id=352"},"modified":"2024-10-15T21:01:39","modified_gmt":"2024-10-15T21:01:39","slug":"eventuebersicht","status":"publish","type":"page","link":"https:\/\/eventsnaps.de\/en\/eventuebersicht\/","title":{"rendered":"Event Overview"},"content":{"rendered":"<p>[et_pb_section fb_built=&#8220;1&#8243; _builder_version=&#8220;4.24.2&#8243; _module_preset=&#8220;default&#8220; background_color=&#8220;#000000&#8243; global_colors_info=&#8220;{}&#8220;][et_pb_row _builder_version=&#8220;4.24.2&#8243; _module_preset=&#8220;default&#8220; global_colors_info=&#8220;{}&#8220;][et_pb_column type=&#8220;4_4&#8243; _builder_version=&#8220;4.24.2&#8243; _module_preset=&#8220;default&#8220; global_colors_info=&#8220;{}&#8220;][et_pb_text _builder_version=&#8220;4.24.2&#8243; _module_preset=&#8220;default&#8220; header_font=&#8220;|800|||||||&#8220; header_text_color=&#8220;#cfa63d&#8220; header_font_size=&#8220;54px&#8220; header_letter_spacing=&#8220;-1px&#8220; global_colors_info=&#8220;{}&#8220;]<\/p>\n<h1>Events mit Eventsnaps feiern<\/h1>\n<p>[\/et_pb_text][et_pb_text _builder_version=&#8220;4.24.2&#8243; _module_preset=&#8220;default&#8220; text_font_size=&#8220;18px&#8220; global_colors_info=&#8220;{}&#8220;]<\/p>\n<p><span style=\"color: #ffffff;\">Willkommen in der Welt der unvergesslichen Erlebnisse! Eventsnaps erm\u00f6glicht dir ma\u00dfgeschneiderte Fotobox-Erlebnisse, die jedes Event, von der ausgelassenen Geburtstagsfeier bis hin zur eleganten Hochzeit und dem professionellen Firmenevent in eine unvergessliche Erinnerung verwandeln.<\/span><\/p>\n<p><span style=\"color: #ffffff;\">W\u00e4hle die Kategorie f\u00fcr dein Event und lass uns gemeinsam magische Erinnerungen schaffen!<\/span><\/p>\n<p>[\/et_pb_text][\/et_pb_column][\/et_pb_row][et_pb_row _builder_version=&#8220;4.24.2&#8243; _module_preset=&#8220;default&#8220; global_colors_info=&#8220;{}&#8220;][et_pb_column type=&#8220;4_4&#8243; _builder_version=&#8220;4.24.2&#8243; _module_preset=&#8220;default&#8220; global_colors_info=&#8220;{}&#8220;][et_pb_text _builder_version=&#8220;4.24.2&#8243; _module_preset=&#8220;default&#8220; header_2_font=&#8220;|800|||||||&#8220; header_2_text_color=&#8220;#cfa63d&#8220; header_2_font_size=&#8220;34px&#8220; header_2_letter_spacing=&#8220;-1px&#8220; global_colors_info=&#8220;{}&#8220;]<\/p>\n<h2>Private Events: Deine Party, deine Regeln.<\/h2>\n<p>[\/et_pb_text][\/et_pb_column][\/et_pb_row][et_pb_row column_structure=&#8220;1_2,1_2&#8243; _builder_version=&#8220;4.24.2&#8243; _module_preset=&#8220;default&#8220; global_colors_info=&#8220;{}&#8220;][et_pb_column type=&#8220;1_2&#8243; _builder_version=&#8220;4.24.2&#8243; _module_preset=&#8220;default&#8220; global_colors_info=&#8220;{}&#8220;][et_pb_image src=&#8220;https:\/\/eventsnaps.de\/wp-content\/uploads\/2024\/03\/pexels-jonathan-borba-3444499-1024&#215;683.jpg&#8220; title_text=&#8220;pexels-jonathan-borba-3444499&#8243; _builder_version=&#8220;4.24.2&#8243; _module_preset=&#8220;default&#8220; global_colors_info=&#8220;{}&#8220;][\/et_pb_image][\/et_pb_column][et_pb_column type=&#8220;1_2&#8243; _builder_version=&#8220;4.24.2&#8243; _module_preset=&#8220;default&#8220; global_colors_info=&#8220;{}&#8220;][et_pb_text _builder_version=&#8220;4.24.2&#8243; _module_preset=&#8220;default&#8220; text_font_size=&#8220;18px&#8220; global_colors_info=&#8220;{}&#8220;]<\/p>\n<p><span style=\"color: #ffffff;\">Bei Eventsnaps glauben wir, dass jede Feier so einzigartig sein sollte wie die Menschen, die sie veranstalten. Wir organisieren dein Event genau nach deinen Vorstellungen. Jedes Detail deiner Mottoparty wird individuell nach deinen W\u00fcnschen, der Anzahl deiner G\u00e4ste und deinem Budget gestaltet \u2013 denn bei Eventsnaps ist deine Feier in den besten H\u00e4nden. Bereit, ein Event zu kreieren, das so lebendig und unvergesslich ist wie du selbst?<\/span><\/p>\n<p>[\/et_pb_text][et_pb_button button_url=&#8220;https:\/\/eventsnaps.de\/private-events&#8220; button_text=&#8220;Private Events mit Eventsnaps&#8220; _builder_version=&#8220;4.24.2&#8243; _module_preset=&#8220;default&#8220; custom_button=&#8220;on&#8220; button_text_size=&#8220;20px&#8220; button_text_color=&#8220;#000000&#8243; button_bg_color=&#8220;#FFFFFF&#8220; button_border_width=&#8220;0px&#8220; global_colors_info=&#8220;{}&#8220;][\/et_pb_button][\/et_pb_column][\/et_pb_row][et_pb_row _builder_version=&#8220;4.24.2&#8243; _module_preset=&#8220;default&#8220; global_colors_info=&#8220;{}&#8220;][et_pb_column type=&#8220;4_4&#8243; _builder_version=&#8220;4.24.2&#8243; _module_preset=&#8220;default&#8220; global_colors_info=&#8220;{}&#8220;][\/et_pb_column][\/et_pb_row][et_pb_row _builder_version=&#8220;4.24.2&#8243; _module_preset=&#8220;default&#8220; global_colors_info=&#8220;{}&#8220;][et_pb_column type=&#8220;4_4&#8243; _builder_version=&#8220;4.24.2&#8243; _module_preset=&#8220;default&#8220; global_colors_info=&#8220;{}&#8220;][et_pb_text _builder_version=&#8220;4.24.2&#8243; _module_preset=&#8220;default&#8220; header_2_font=&#8220;|800|||||||&#8220; header_2_text_color=&#8220;#cfa63d&#8220; header_2_font_size=&#8220;34px&#8220; header_2_letter_spacing=&#8220;-1px&#8220; global_colors_info=&#8220;{}&#8220;]<\/p>\n<h2>Hochzeiten: Liebe in jedem Klick.<\/h2>\n<p>[\/et_pb_text][\/et_pb_column][\/et_pb_row][et_pb_row column_structure=&#8220;1_2,1_2&#8243; _builder_version=&#8220;4.24.2&#8243; _module_preset=&#8220;default&#8220; global_colors_info=&#8220;{}&#8220;][et_pb_column type=&#8220;1_2&#8243; _builder_version=&#8220;4.24.2&#8243; _module_preset=&#8220;default&#8220; global_colors_info=&#8220;{}&#8220;][et_pb_image src=&#8220;https:\/\/eventsnaps.de\/wp-content\/uploads\/2024\/04\/Eventuebersicht-Hochzeiten.jpg&#8220; title_text=&#8220;xr:d:DAGBw_EBSXM:42,j:4653768571952908683,t:24040820&#8243; _builder_version=&#8220;4.24.2&#8243; _module_preset=&#8220;default&#8220; global_colors_info=&#8220;{}&#8220;][\/et_pb_image][\/et_pb_column][et_pb_column type=&#8220;1_2&#8243; _builder_version=&#8220;4.24.2&#8243; _module_preset=&#8220;default&#8220; global_colors_info=&#8220;{}&#8220;][et_pb_text _builder_version=&#8220;4.24.2&#8243; _module_preset=&#8220;default&#8220; text_font_size=&#8220;18px&#8220; global_colors_info=&#8220;{}&#8220;]<\/p>\n<p><span style=\"color: #ffffff;\">Bei Eventsnaps wissen wir, dass jede Hochzeit einzigartig ist und eine Geschichte voller Liebe und Verbundenheit erz\u00e4hlt. Unser Snaptower f\u00e4ngt die einzigartige Stimmung eures besonderen Tages ein \u2013 von den strahlenden L\u00e4cheln des Brautpaares nach der Trauung, bis zu den ausgelassenen Fotos von Freunden und Familie nach dem Mitternachtssnack. Entdecke, wie wir deiner Feier mit zeitlosen Erinnerungen das gewisse Etwas verleihen und die Magie deiner Liebe in jedem Bild lebendig wird. Bereit f\u00fcr Fotos, die so einzigartig sind wie eure Liebe?<\/span><\/p>\n<p>[\/et_pb_text][et_pb_button button_url=&#8220;https:\/\/eventsnaps.de\/hochzeitsfeiern\/&#8220; button_text=&#8220;Hochzeitsfeiern mit Eventsnaps&#8220; _builder_version=&#8220;4.24.2&#8243; _module_preset=&#8220;default&#8220; custom_button=&#8220;on&#8220; button_text_size=&#8220;20px&#8220; button_text_color=&#8220;#000000&#8243; button_bg_color=&#8220;#FFFFFF&#8220; button_border_width=&#8220;0px&#8220; global_colors_info=&#8220;{}&#8220;][\/et_pb_button][\/et_pb_column][\/et_pb_row][et_pb_row _builder_version=&#8220;4.24.2&#8243; _module_preset=&#8220;default&#8220; global_colors_info=&#8220;{}&#8220;][et_pb_column type=&#8220;4_4&#8243; _builder_version=&#8220;4.24.2&#8243; _module_preset=&#8220;default&#8220; global_colors_info=&#8220;{}&#8220;][\/et_pb_column][\/et_pb_row][et_pb_row _builder_version=&#8220;4.24.2&#8243; _module_preset=&#8220;default&#8220; global_colors_info=&#8220;{}&#8220;][et_pb_column type=&#8220;4_4&#8243; _builder_version=&#8220;4.24.2&#8243; _module_preset=&#8220;default&#8220; global_colors_info=&#8220;{}&#8220;][et_pb_text _builder_version=&#8220;4.24.2&#8243; _module_preset=&#8220;default&#8220; header_2_font=&#8220;|800|||||||&#8220; header_2_text_color=&#8220;#cfa63d&#8220; header_2_font_size=&#8220;34px&#8220; header_2_letter_spacing=&#8220;-1px&#8220; global_colors_info=&#8220;{}&#8220;]<\/p>\n<h2>Kindergeburtstage: Lachen, spielen, erinnern.<\/h2>\n<p>[\/et_pb_text][\/et_pb_column][\/et_pb_row][et_pb_row column_structure=&#8220;1_2,1_2&#8243; _builder_version=&#8220;4.24.2&#8243; _module_preset=&#8220;default&#8220; global_colors_info=&#8220;{}&#8220;][et_pb_column type=&#8220;1_2&#8243; _builder_version=&#8220;4.24.2&#8243; _module_preset=&#8220;default&#8220; global_colors_info=&#8220;{}&#8220;][et_pb_image src=&#8220;https:\/\/eventsnaps.de\/wp-content\/uploads\/2024\/04\/Eventuebersicht-Kindergeburtstag.jpg&#8220; title_text=&#8220;pexels-ivan-samkov-8101708&#8243; _builder_version=&#8220;4.24.2&#8243; _module_preset=&#8220;default&#8220; global_colors_info=&#8220;{}&#8220;][\/et_pb_image][\/et_pb_column][et_pb_column type=&#8220;1_2&#8243; _builder_version=&#8220;4.24.2&#8243; _module_preset=&#8220;default&#8220; global_colors_info=&#8220;{}&#8220;][et_pb_text _builder_version=&#8220;4.24.2&#8243; _module_preset=&#8220;default&#8220; text_font_size=&#8220;18px&#8220; global_colors_info=&#8220;{}&#8220;]<\/p>\n<p><span style=\"color: #ffffff;\">Die Welt der Kinder ist voller Farben, Abenteuer und ungebremster Freude \u2013 und genau das spiegelt sich in unseren Fotobox-Erlebnissen f\u00fcr Kindergeburtstage wider. Mit Eventsnaps wird jeder Geburtstag zu einem Fest ausgelassener Momente und leuchtender Kinderaugen. Entdecke, wie unsere Fotobox die kleinen und gro\u00dfen Momente einf\u00e4ngt und f\u00fcr strahlende Gesichter sorgt. Mach dich bereit f\u00fcr ein unvergessliches Abenteuer, das in lebendigen Bildern festgehalten wird \u2013 denn jeder Klick bringt pure Freude.<\/span><\/p>\n<p>[\/et_pb_text][et_pb_button button_url=&#8220;https:\/\/eventsnaps.de\/kindergeburtstag\/&#8220; button_text=&#8220;Kindergeburtstage mit Eventsnaps&#8220; _builder_version=&#8220;4.24.2&#8243; _module_preset=&#8220;default&#8220; custom_button=&#8220;on&#8220; button_text_size=&#8220;20px&#8220; button_text_color=&#8220;#000000&#8243; button_bg_color=&#8220;#FFFFFF&#8220; button_border_width=&#8220;0px&#8220; global_colors_info=&#8220;{}&#8220;][\/et_pb_button][\/et_pb_column][\/et_pb_row][et_pb_row _builder_version=&#8220;4.24.2&#8243; _module_preset=&#8220;default&#8220; global_colors_info=&#8220;{}&#8220;][et_pb_column type=&#8220;4_4&#8243; _builder_version=&#8220;4.24.2&#8243; _module_preset=&#8220;default&#8220; global_colors_info=&#8220;{}&#8220;][\/et_pb_column][\/et_pb_row][et_pb_row _builder_version=&#8220;4.24.2&#8243; _module_preset=&#8220;default&#8220; global_colors_info=&#8220;{}&#8220;][et_pb_column type=&#8220;4_4&#8243; _builder_version=&#8220;4.24.2&#8243; _module_preset=&#8220;default&#8220; global_colors_info=&#8220;{}&#8220;][et_pb_text _builder_version=&#8220;4.24.2&#8243; _module_preset=&#8220;default&#8220; header_2_font=&#8220;|800|||||||&#8220; header_2_text_color=&#8220;#cfa63d&#8220; header_2_font_size=&#8220;34px&#8220; header_2_letter_spacing=&#8220;-1px&#8220; global_colors_info=&#8220;{}&#8220;]<\/p>\n<h2>Firmenevents: Verbinden, feiern, festhalten.<\/h2>\n<p>[\/et_pb_text][\/et_pb_column][\/et_pb_row][et_pb_row column_structure=&#8220;1_2,1_2&#8243; _builder_version=&#8220;4.24.2&#8243; _module_preset=&#8220;default&#8220; global_colors_info=&#8220;{}&#8220;][et_pb_column type=&#8220;1_2&#8243; _builder_version=&#8220;4.24.2&#8243; _module_preset=&#8220;default&#8220; global_colors_info=&#8220;{}&#8220;][et_pb_image src=&#8220;https:\/\/eventsnaps.de\/wp-content\/uploads\/2024\/03\/pexels-matheus-bertelli-3856042-1024&#215;683.jpg&#8220; title_text=&#8220;pexels-matheus-bertelli-3856042&#8243; _builder_version=&#8220;4.24.2&#8243; _module_preset=&#8220;default&#8220; global_colors_info=&#8220;{}&#8220;][\/et_pb_image][\/et_pb_column][et_pb_column type=&#8220;1_2&#8243; _builder_version=&#8220;4.24.2&#8243; _module_preset=&#8220;default&#8220; global_colors_info=&#8220;{}&#8220;][et_pb_text _builder_version=&#8220;4.24.2&#8243; _module_preset=&#8220;default&#8220; text_font_size=&#8220;18px&#8220; global_colors_info=&#8220;{}&#8220;]<\/p>\n<p><span style=\"color: #ffffff;\">Ein erfolgreiches Firmenevent ist mehr als nur ein Zusammentreffen von Kollegen \u2013 es ist eine Gelegenheit, Erfolge zu teilen, Teams zu st\u00e4rken und gemeinsame Visionen zu feiern. Eventsnaps bringt mit jeder Fotobox-Aufnahme die Essenz eures Events zum Ausdruck: professionell, inspirierend und voller Energie. Lass uns gemeinsam die Momente einfangen, die euer Unternehmen einzigartig machen und f\u00fcr eine Atmosph\u00e4re sorgen, in der sich Kreativit\u00e4t und Teamgeist entfalten k\u00f6nnen. Entdecke, wie wir dein Firmenevent mit bleibenden Erinnerungen bereichern \u2013 f\u00fcr ein Team, das zusammen w\u00e4chst und zusammen feiert.<\/span><\/p>\n<p>[\/et_pb_text][et_pb_button button_url=&#8220;https:\/\/eventsnaps.de\/firmenevents\/&#8220; button_text=&#8220;Firmenevents mit Eventsnaps&#8220; _builder_version=&#8220;4.24.2&#8243; _module_preset=&#8220;default&#8220; custom_button=&#8220;on&#8220; button_text_size=&#8220;20px&#8220; button_text_color=&#8220;#000000&#8243; button_bg_color=&#8220;#FFFFFF&#8220; button_border_width=&#8220;0px&#8220; global_colors_info=&#8220;{}&#8220;][\/et_pb_button][\/et_pb_column][\/et_pb_row][\/et_pb_section]<\/p>\n","protected":false},"excerpt":{"rendered":"<p>Events mit Eventsnaps feiernWillkommen in der Welt der unvergesslichen Erlebnisse! Eventsnaps erm\u00f6glicht dir ma\u00dfgeschneiderte Fotobox-Erlebnisse, die jedes Event, von der ausgelassenen Geburtstagsfeier bis hin zur eleganten Hochzeit und dem professionellen Firmenevent in eine unvergessliche Erinnerung verwandeln. W\u00e4hle die Kategorie f\u00fcr dein Event und lass uns gemeinsam magische Erinnerungen schaffen!Private Events: Deine Party, deine Regeln.Bei Eventsnaps [&hellip;]<\/p>\n","protected":false},"author":1,"featured_media":0,"parent":0,"menu_order":0,"comment_status":"closed","ping_status":"closed","template":"","meta":{"_et_pb_use_builder":"on","_et_pb_old_content":"","_et_gb_content_width":"","footnotes":""},"class_list":["post-352","page","type-page","status-publish","hentry"],"yoast_head":"<!-- This site is optimized with the Yoast SEO plugin v27.4 - https:\/\/yoast.com\/product\/yoast-seo-wordpress\/ -->\n<title>Event\u00fcbersicht<\/title>\n<meta name=\"description\" content=\"Unsere Event\u00fcbersicht - Miete deine Fotobox f\u00fcr Hochzeiten, Kindergeburtstage, Firmenevents oder Private Events. Wir machen alles m\u00f6glich!\" \/>\n<meta name=\"robots\" content=\"index, follow, max-snippet:-1, max-image-preview:large, max-video-preview:-1\" \/>\n<link rel=\"canonical\" href=\"https:\/\/eventsnaps.de\/en\/eventuebersicht\/\" \/>\n<meta property=\"og:locale\" content=\"en_US\" \/>\n<meta property=\"og:type\" content=\"article\" \/>\n<meta property=\"og:title\" content=\"Event\u00fcbersicht\" \/>\n<meta property=\"og:description\" content=\"Unsere Event\u00fcbersicht - Miete deine Fotobox f\u00fcr Hochzeiten, Kindergeburtstage, Firmenevents oder Private Events. Wir machen alles m\u00f6glich!\" \/>\n<meta property=\"og:url\" content=\"https:\/\/eventsnaps.de\/en\/eventuebersicht\/\" \/>\n<meta property=\"og:site_name\" content=\"Eventsnaps\" \/>\n<meta property=\"article:modified_time\" content=\"2024-10-15T21:01:39+00:00\" \/>\n<meta name=\"twitter:card\" content=\"summary_large_image\" \/>\n<meta name=\"twitter:label1\" content=\"Est. reading time\" \/>\n\t<meta name=\"twitter:data1\" content=\"3 minutes\" \/>\n<script type=\"application\/ld+json\" class=\"yoast-schema-graph\">{\"@context\":\"https:\\\/\\\/schema.org\",\"@graph\":[{\"@type\":\"WebPage\",\"@id\":\"https:\\\/\\\/eventsnaps.de\\\/eventuebersicht\\\/\",\"url\":\"https:\\\/\\\/eventsnaps.de\\\/eventuebersicht\\\/\",\"name\":\"Event\u00fcbersicht\",\"isPartOf\":{\"@id\":\"https:\\\/\\\/eventsnaps.de\\\/#website\"},\"datePublished\":\"2024-03-20T14:04:35+00:00\",\"dateModified\":\"2024-10-15T21:01:39+00:00\",\"description\":\"Unsere Event\u00fcbersicht - Miete deine Fotobox f\u00fcr Hochzeiten, Kindergeburtstage, Firmenevents oder Private Events. Wir machen alles m\u00f6glich!\",\"breadcrumb\":{\"@id\":\"https:\\\/\\\/eventsnaps.de\\\/eventuebersicht\\\/#breadcrumb\"},\"inLanguage\":\"en-US\",\"potentialAction\":[{\"@type\":\"ReadAction\",\"target\":[\"https:\\\/\\\/eventsnaps.de\\\/eventuebersicht\\\/\"]}]},{\"@type\":\"BreadcrumbList\",\"@id\":\"https:\\\/\\\/eventsnaps.de\\\/eventuebersicht\\\/#breadcrumb\",\"itemListElement\":[{\"@type\":\"ListItem\",\"position\":1,\"name\":\"Startseite\",\"item\":\"https:\\\/\\\/eventsnaps.de\\\/\"},{\"@type\":\"ListItem\",\"position\":2,\"name\":\"Event\u00fcbersicht\"}]},{\"@type\":\"WebSite\",\"@id\":\"https:\\\/\\\/eventsnaps.de\\\/#website\",\"url\":\"https:\\\/\\\/eventsnaps.de\\\/\",\"name\":\"Eventsnaps\",\"description\":\"\",\"potentialAction\":[{\"@type\":\"SearchAction\",\"target\":{\"@type\":\"EntryPoint\",\"urlTemplate\":\"https:\\\/\\\/eventsnaps.de\\\/?s={search_term_string}\"},\"query-input\":{\"@type\":\"PropertyValueSpecification\",\"valueRequired\":true,\"valueName\":\"search_term_string\"}}],\"inLanguage\":\"en-US\"}]}<\/script>\n<!-- \/ Yoast SEO plugin. -->","yoast_head_json":{"title":"Event Overview","description":"Unsere Event\u00fcbersicht - Miete deine Fotobox f\u00fcr Hochzeiten, Kindergeburtstage, Firmenevents oder Private Events. Wir machen alles m\u00f6glich!","robots":{"index":"index","follow":"follow","max-snippet":"max-snippet:-1","max-image-preview":"max-image-preview:large","max-video-preview":"max-video-preview:-1"},"canonical":"https:\/\/eventsnaps.de\/en\/eventuebersicht\/","og_locale":"en_US","og_type":"article","og_title":"Event\u00fcbersicht","og_description":"Unsere Event\u00fcbersicht - Miete deine Fotobox f\u00fcr Hochzeiten, Kindergeburtstage, Firmenevents oder Private Events. Wir machen alles m\u00f6glich!","og_url":"https:\/\/eventsnaps.de\/en\/eventuebersicht\/","og_site_name":"Eventsnaps","article_modified_time":"2024-10-15T21:01:39+00:00","twitter_card":"summary_large_image","twitter_misc":{"Est. reading time":"3 minutes"},"schema":{"@context":"https:\/\/schema.org","@graph":[{"@type":"WebPage","@id":"https:\/\/eventsnaps.de\/eventuebersicht\/","url":"https:\/\/eventsnaps.de\/eventuebersicht\/","name":"Event Overview","isPartOf":{"@id":"https:\/\/eventsnaps.de\/#website"},"datePublished":"2024-03-20T14:04:35+00:00","dateModified":"2024-10-15T21:01:39+00:00","description":"Unsere Event\u00fcbersicht - Miete deine Fotobox f\u00fcr Hochzeiten, Kindergeburtstage, Firmenevents oder Private Events. Wir machen alles m\u00f6glich!","breadcrumb":{"@id":"https:\/\/eventsnaps.de\/eventuebersicht\/#breadcrumb"},"inLanguage":"en-US","potentialAction":[{"@type":"ReadAction","target":["https:\/\/eventsnaps.de\/eventuebersicht\/"]}]},{"@type":"BreadcrumbList","@id":"https:\/\/eventsnaps.de\/eventuebersicht\/#breadcrumb","itemListElement":[{"@type":"ListItem","position":1,"name":"Startseite","item":"https:\/\/eventsnaps.de\/"},{"@type":"ListItem","position":2,"name":"Event\u00fcbersicht"}]},{"@type":"WebSite","@id":"https:\/\/eventsnaps.de\/#website","url":"https:\/\/eventsnaps.de\/","name":"Eventsnaps","description":"","potentialAction":[{"@type":"SearchAction","target":{"@type":"EntryPoint","urlTemplate":"https:\/\/eventsnaps.de\/?s={search_term_string}"},"query-input":{"@type":"PropertyValueSpecification","valueRequired":true,"valueName":"search_term_string"}}],"inLanguage":"en-US"}]}},"_links":{"self":[{"href":"https:\/\/eventsnaps.de\/en\/wp-json\/wp\/v2\/pages\/352","targetHints":{"allow":["GET"]}}],"collection":[{"href":"https:\/\/eventsnaps.de\/en\/wp-json\/wp\/v2\/pages"}],"about":[{"href":"https:\/\/eventsnaps.de\/en\/wp-json\/wp\/v2\/types\/page"}],"author":[{"embeddable":true,"href":"https:\/\/eventsnaps.de\/en\/wp-json\/wp\/v2\/users\/1"}],"replies":[{"embeddable":true,"href":"https:\/\/eventsnaps.de\/en\/wp-json\/wp\/v2\/comments?post=352"}],"version-history":[{"count":33,"href":"https:\/\/eventsnaps.de\/en\/wp-json\/wp\/v2\/pages\/352\/revisions"}],"predecessor-version":[{"id":1467,"href":"https:\/\/eventsnaps.de\/en\/wp-json\/wp\/v2\/pages\/352\/revisions\/1467"}],"wp:attachment":[{"href":"https:\/\/eventsnaps.de\/en\/wp-json\/wp\/v2\/media?parent=352"}],"curies":[{"name":"wp","href":"https:\/\/api.w.org\/{rel}","templated":true}]}}