{"id":289,"date":"2024-03-20T07:03:27","date_gmt":"2024-03-20T07:03:27","guid":{"rendered":"https:\/\/eventsnaps.de\/?page_id=289"},"modified":"2024-04-13T18:27:28","modified_gmt":"2024-04-13T18:27:28","slug":"buchungsbestaetigung","status":"publish","type":"page","link":"https:\/\/eventsnaps.de\/en\/buchungsbestaetigung\/","title":{"rendered":"Buchungsbest\u00e4tigung"},"content":{"rendered":"<p>[et_pb_section fb_built=&#8220;1&#8243; _builder_version=&#8220;4.24.2&#8243; _module_preset=&#8220;default&#8220; background_color=&#8220;#8300E9&#8243; background_enable_image=&#8220;off&#8220; height=&#8220;700px&#8220; hover_enabled=&#8220;0&#8243; global_colors_info=&#8220;{}&#8220; sticky_enabled=&#8220;0&#8243;][et_pb_row use_custom_gutter=&#8220;on&#8220; gutter_width=&#8220;1&#8243; _builder_version=&#8220;4.24.2&#8243; _module_preset=&#8220;default&#8220; min_height=&#8220;518px&#8220; height=&#8220;700px&#8220; global_colors_info=&#8220;{}&#8220;][et_pb_column type=&#8220;4_4&#8243; _builder_version=&#8220;4.24.2&#8243; _module_preset=&#8220;default&#8220; global_colors_info=&#8220;{}&#8220;][et_pb_text _builder_version=&#8220;4.24.2&#8243; _module_preset=&#8220;default&#8220; header_font=&#8220;|700|||||||&#8220; header_font_size=&#8220;54px&#8220; header_letter_spacing=&#8220;-1px&#8220; background_enable_color=&#8220;off&#8220; custom_margin=&#8220;50px||||false|false&#8220; custom_padding=&#8220;25px|25px|25px|25px|false|false&#8220; hover_enabled=&#8220;0&#8243; border_radii=&#8220;on|10px|10px|10px|10px&#8220; global_colors_info=&#8220;{}&#8220; sticky_enabled=&#8220;0&#8243;]<\/p>\n<h1><span style=\"color: #ffffff;\">Deine Buchungsanfrage ist eingegangen!<\/span><\/h1>\n<p><span style=\"color: #ffffff;\">Wir pr\u00fcfen deine Buchung und melden uns schnellstm\u00f6glich bei dir mit einer verbindlichen Best\u00e4tigung.<\/span><\/p>\n<p>[\/et_pb_text][et_pb_text _builder_version=&#8220;4.24.2&#8243; _module_preset=&#8220;default&#8220; global_colors_info=&#8220;{}&#8220;]<\/p>\n<p><strong><div class=\"wpbc_after_booking_thank_you_section\"><div class=\"wpbc_ty__container\"><div class=\"wpbc_ty__header\"><strong>Oops!<\/strong> We could not find your booking. The link you used may be incorrect or has expired. If you need assistance, please contact our support team.<\/div><\/div><\/div><\/strong><\/p>\n<p>[\/et_pb_text][et_pb_button button_url=&#8220;https:\/\/eventsnaps.de\/&#8220; button_text=&#8220;Zur\u00fcck zur Startseite&#8220; button_alignment=&#8220;center&#8220; _builder_version=&#8220;4.24.2&#8243; _module_preset=&#8220;default&#8220; custom_button=&#8220;on&#8220; button_text_size=&#8220;30px&#8220; button_text_color=&#8220;#FFFFFF&#8220; button_bg_color=&#8220;#E09900&#8243; button_border_width=&#8220;0px&#8220; button_border_radius=&#8220;0px&#8220; custom_margin=&#8220;100px||||false|false&#8220; global_colors_info=&#8220;{}&#8220;][\/et_pb_button][\/et_pb_column][\/et_pb_row][\/et_pb_section]<\/p>\n","protected":false},"excerpt":{"rendered":"<p>Deine Buchungsanfrage ist eingegangen! Wir pr\u00fcfen deine Buchung und melden uns schnellstm\u00f6glich bei dir mit einer verbindlichen Best\u00e4tigung.<div class=\"wpbc_after_booking_thank_you_section\"><div class=\"wpbc_ty__container\"><div class=\"wpbc_ty__header\"><strong>Oops!<\/strong> We could not find your booking. The link you used may be incorrect or has expired. If you need assistance, please contact our support team.<\/div><\/div><\/div><\/p>","protected":false},"author":1,"featured_media":0,"parent":0,"menu_order":0,"comment_status":"closed","ping_status":"closed","template":"","meta":{"_et_pb_use_builder":"on","_et_pb_old_content":"","_et_gb_content_width":"","footnotes":""},"class_list":["post-289","page","type-page","status-publish","hentry"],"yoast_head":"<!-- This site is optimized with the Yoast SEO plugin v27.5 - https:\/\/yoast.com\/product\/yoast-seo-wordpress\/ -->\n<title>Buchungsbest\u00e4tigung - Eventsnaps<\/title>\n<meta name=\"robots\" content=\"index, follow, max-snippet:-1, max-image-preview:large, max-video-preview:-1\" \/>\n<link rel=\"canonical\" href=\"https:\/\/eventsnaps.de\/en\/buchungsbestaetigung\/\" \/>\n<meta property=\"og:locale\" content=\"en_US\" \/>\n<meta property=\"og:type\" content=\"article\" \/>\n<meta property=\"og:title\" content=\"Buchungsbest\u00e4tigung - Eventsnaps\" \/>\n<meta property=\"og:description\" content=\"Deine Buchungsanfrage ist eingegangen! Wir pr\u00fcfen deine Buchung und melden uns schnellstm\u00f6glich bei dir mit einer verbindlichen Best\u00e4tigung.\" \/>\n<meta property=\"og:url\" content=\"https:\/\/eventsnaps.de\/en\/buchungsbestaetigung\/\" \/>\n<meta property=\"og:site_name\" content=\"Eventsnaps\" \/>\n<meta property=\"article:modified_time\" content=\"2024-04-13T18:27:28+00:00\" \/>\n<meta name=\"twitter:card\" content=\"summary_large_image\" \/>\n<meta name=\"twitter:label1\" content=\"Est. reading time\" \/>\n\t<meta name=\"twitter:data1\" content=\"10 minutes\" \/>\n<script type=\"application\/ld+json\" class=\"yoast-schema-graph\">{\"@context\":\"https:\\\/\\\/schema.org\",\"@graph\":[{\"@type\":\"WebPage\",\"@id\":\"https:\\\/\\\/eventsnaps.de\\\/buchungsbestaetigung\\\/\",\"url\":\"https:\\\/\\\/eventsnaps.de\\\/buchungsbestaetigung\\\/\",\"name\":\"Buchungsbest\u00e4tigung - Eventsnaps\",\"isPartOf\":{\"@id\":\"https:\\\/\\\/eventsnaps.de\\\/#website\"},\"datePublished\":\"2024-03-20T07:03:27+00:00\",\"dateModified\":\"2024-04-13T18:27:28+00:00\",\"breadcrumb\":{\"@id\":\"https:\\\/\\\/eventsnaps.de\\\/buchungsbestaetigung\\\/#breadcrumb\"},\"inLanguage\":\"en-US\",\"potentialAction\":[{\"@type\":\"ReadAction\",\"target\":[\"https:\\\/\\\/eventsnaps.de\\\/buchungsbestaetigung\\\/\"]}]},{\"@type\":\"BreadcrumbList\",\"@id\":\"https:\\\/\\\/eventsnaps.de\\\/buchungsbestaetigung\\\/#breadcrumb\",\"itemListElement\":[{\"@type\":\"ListItem\",\"position\":1,\"name\":\"Startseite\",\"item\":\"https:\\\/\\\/eventsnaps.de\\\/\"},{\"@type\":\"ListItem\",\"position\":2,\"name\":\"Buchungsbest\u00e4tigung\"}]},{\"@type\":\"WebSite\",\"@id\":\"https:\\\/\\\/eventsnaps.de\\\/#website\",\"url\":\"https:\\\/\\\/eventsnaps.de\\\/\",\"name\":\"Eventsnaps\",\"description\":\"\",\"potentialAction\":[{\"@type\":\"SearchAction\",\"target\":{\"@type\":\"EntryPoint\",\"urlTemplate\":\"https:\\\/\\\/eventsnaps.de\\\/?s={search_term_string}\"},\"query-input\":{\"@type\":\"PropertyValueSpecification\",\"valueRequired\":true,\"valueName\":\"search_term_string\"}}],\"inLanguage\":\"en-US\"}]}<\/script>\n<!-- \/ Yoast SEO plugin. -->","yoast_head_json":{"title":"Buchungsbest\u00e4tigung - Eventsnaps","robots":{"index":"index","follow":"follow","max-snippet":"max-snippet:-1","max-image-preview":"max-image-preview:large","max-video-preview":"max-video-preview:-1"},"canonical":"https:\/\/eventsnaps.de\/en\/buchungsbestaetigung\/","og_locale":"en_US","og_type":"article","og_title":"Buchungsbest\u00e4tigung - Eventsnaps","og_description":"Deine Buchungsanfrage ist eingegangen! Wir pr\u00fcfen deine Buchung und melden uns schnellstm\u00f6glich bei dir mit einer verbindlichen Best\u00e4tigung.","og_url":"https:\/\/eventsnaps.de\/en\/buchungsbestaetigung\/","og_site_name":"Eventsnaps","article_modified_time":"2024-04-13T18:27:28+00:00","twitter_card":"summary_large_image","twitter_misc":{"Est. reading time":"10 minutes"},"schema":{"@context":"https:\/\/schema.org","@graph":[{"@type":"WebPage","@id":"https:\/\/eventsnaps.de\/buchungsbestaetigung\/","url":"https:\/\/eventsnaps.de\/buchungsbestaetigung\/","name":"Buchungsbest\u00e4tigung - Eventsnaps","isPartOf":{"@id":"https:\/\/eventsnaps.de\/#website"},"datePublished":"2024-03-20T07:03:27+00:00","dateModified":"2024-04-13T18:27:28+00:00","breadcrumb":{"@id":"https:\/\/eventsnaps.de\/buchungsbestaetigung\/#breadcrumb"},"inLanguage":"en-US","potentialAction":[{"@type":"ReadAction","target":["https:\/\/eventsnaps.de\/buchungsbestaetigung\/"]}]},{"@type":"BreadcrumbList","@id":"https:\/\/eventsnaps.de\/buchungsbestaetigung\/#breadcrumb","itemListElement":[{"@type":"ListItem","position":1,"name":"Startseite","item":"https:\/\/eventsnaps.de\/"},{"@type":"ListItem","position":2,"name":"Buchungsbest\u00e4tigung"}]},{"@type":"WebSite","@id":"https:\/\/eventsnaps.de\/#website","url":"https:\/\/eventsnaps.de\/","name":"Eventsnaps","description":"","potentialAction":[{"@type":"SearchAction","target":{"@type":"EntryPoint","urlTemplate":"https:\/\/eventsnaps.de\/?s={search_term_string}"},"query-input":{"@type":"PropertyValueSpecification","valueRequired":true,"valueName":"search_term_string"}}],"inLanguage":"en-US"}]}},"_links":{"self":[{"href":"https:\/\/eventsnaps.de\/en\/wp-json\/wp\/v2\/pages\/289","targetHints":{"allow":["GET"]}}],"collection":[{"href":"https:\/\/eventsnaps.de\/en\/wp-json\/wp\/v2\/pages"}],"about":[{"href":"https:\/\/eventsnaps.de\/en\/wp-json\/wp\/v2\/types\/page"}],"author":[{"embeddable":true,"href":"https:\/\/eventsnaps.de\/en\/wp-json\/wp\/v2\/users\/1"}],"replies":[{"embeddable":true,"href":"https:\/\/eventsnaps.de\/en\/wp-json\/wp\/v2\/comments?post=289"}],"version-history":[{"count":5,"href":"https:\/\/eventsnaps.de\/en\/wp-json\/wp\/v2\/pages\/289\/revisions"}],"predecessor-version":[{"id":640,"href":"https:\/\/eventsnaps.de\/en\/wp-json\/wp\/v2\/pages\/289\/revisions\/640"}],"wp:attachment":[{"href":"https:\/\/eventsnaps.de\/en\/wp-json\/wp\/v2\/media?parent=289"}],"curies":[{"name":"wp","href":"https:\/\/api.w.org\/{rel}","templated":true}]}}