{"id":232,"date":"2024-03-18T14:20:52","date_gmt":"2024-03-18T14:20:52","guid":{"rendered":"https:\/\/eventsnaps.de\/?page_id=232"},"modified":"2024-04-16T13:08:06","modified_gmt":"2024-04-16T13:08:06","slug":"ueber-uns","status":"publish","type":"page","link":"https:\/\/eventsnaps.de\/en\/ueber-uns\/","title":{"rendered":"About us"},"content":{"rendered":"\n[et_pb_section fb_built=&#8220;1&#8243; _builder_version=&#8220;4.24.2&#8243; _module_preset=&#8220;default&#8220; background_color=&#8220;#000000&#8243; global_colors_info=&#8220;{}&#8220;][et_pb_row _builder_version=&#8220;4.24.2&#8243; _module_preset=&#8220;default&#8220; global_colors_info=&#8220;{}&#8220;][et_pb_column type=&#8220;4_4&#8243; _builder_version=&#8220;4.24.2&#8243; _module_preset=&#8220;default&#8220; global_colors_info=&#8220;{}&#8220;][et_pb_text _builder_version=&#8220;4.24.2&#8243; _module_preset=&#8220;default&#8220; header_font=&#8220;|800|||||||&#8220; header_text_color=&#8220;#cfa63d&#8220; header_font_size=&#8220;54px&#8220; header_letter_spacing=&#8220;-1px&#8220; global_colors_info=&#8220;{}&#8220;]<h1>\u00dcber mich<\/h1>[\/et_pb_text][\/et_pb_column][\/et_pb_row][et_pb_row column_structure=&#8220;1_2,1_2&#8243; _builder_version=&#8220;4.24.2&#8243; _module_preset=&#8220;default&#8220; hover_enabled=&#8220;0&#8243; global_colors_info=&#8220;{}&#8220; sticky_enabled=&#8220;0&#8243;][et_pb_column type=&#8220;1_2&#8243; _builder_version=&#8220;4.24.2&#8243; _module_preset=&#8220;default&#8220; global_colors_info=&#8220;{}&#8220;][et_pb_image src=&#8220;https:\/\/eventsnaps.de\/wp-content\/uploads\/2024\/04\/Foto-fuer-Ueber-uns-Seite-690&#215;1024.jpg&#8220; title_text=&#8220;Foto fu\u0308r U\u0308ber uns Seite&#8220; _builder_version=&#8220;4.24.2&#8243; _module_preset=&#8220;default&#8220; global_colors_info=&#8220;{}&#8220;][\/et_pb_image][\/et_pb_column][et_pb_column type=&#8220;1_2&#8243; _builder_version=&#8220;4.24.2&#8243; _module_preset=&#8220;default&#8220; global_colors_info=&#8220;{}&#8220;][et_pb_text _builder_version=&#8220;4.24.2&#8243; _module_preset=&#8220;default&#8220; text_font_size=&#8220;18px&#8220; global_colors_info=&#8220;{}&#8220;]<p><span style=\"color: #ffffff;\">Ich hei\u00dfe Mirjam und bin die Gr\u00fcnderin von Eventsnaps. Schon in fr\u00fchen Jahren habe ich meine Leidenschaft f\u00fcr Mottoparties entdeckt und kann mit Stolz sagen, dass meine Partys bis heute legend\u00e4r sind und meinen G\u00e4sten lange in Erinnerung bleiben!<\/span><\/p>\n<p><span style=\"color: #ffffff;\">Inzwischen bin ich Mutter eines kleinen Sohnes und wei\u00df daher, dass auch schon die Kleinsten es lieben eigenst\u00e4ndig Fotos machen zu k\u00f6nnen und sich dabei zu verkleiden. Wenn die Fotos danach auch noch direkt ausgedruckt werden k\u00f6nnen, sind Kinder jeden Alters begeistert!<\/span><\/p>\n<p><span style=\"color: #ffffff;\">Um solche lustigen Abende und einzigartigen Momente festzuhalten, sind ausgedruckte Fotos f\u00fcr mich unerl\u00e4sslich! Nur durch ein Bild in der Hand k\u00f6nnen wir verhindern, dass Erinnerungen im digitalen Bilderwulst auf dem Handy auf Nimmerwiedersehen verschwinden.<\/span><\/p>\n<p><span style=\"color: #ffffff;\">Meine Passion f\u00fcr ausgelassene Partys, gesellige Zusammenk\u00fcnfte und den Wunsch die Erinnerungen daran festzuhalten, will ich gerne mit euch teilen und mit unserem Snaptower\u00a0 Freude in die Herzen der Menschen bringen. Ganz getreu unseres Firmenslogans:<\/span><\/p>\n<p><span style=\"color: #ffffff;\"><\/span><\/p>\n<h3><span style=\"color: #ffffff;\"><strong>Eventsnaps- <\/strong><\/span><span style=\"color: #ffffff;\"><strong>Capturing Moments and Crafting Memories!<\/strong><\/span><\/h3>[\/et_pb_text][\/et_pb_column][\/et_pb_row][\/et_pb_section][et_pb_section fb_built=&#8220;1&#8243; _builder_version=&#8220;4.24.2&#8243; _module_preset=&#8220;default&#8220; background_color=&#8220;#5d3891&#8243; global_colors_info=&#8220;{}&#8220;][et_pb_row _builder_version=&#8220;4.24.2&#8243; _module_preset=&#8220;default&#8220; global_colors_info=&#8220;{}&#8220;][et_pb_column type=&#8220;4_4&#8243; _builder_version=&#8220;4.24.2&#8243; _module_preset=&#8220;default&#8220; global_colors_info=&#8220;{}&#8220;][et_pb_text _builder_version=&#8220;4.24.2&#8243; _module_preset=&#8220;default&#8220; header_2_font=&#8220;|800|||||||&#8220; header_2_text_color=&#8220;#cfa63d&#8220; header_2_font_size=&#8220;43px&#8220; global_colors_info=&#8220;{}&#8220;]<h2>Unser Versprechen<\/h2>[\/et_pb_text][et_pb_text _builder_version=&#8220;4.24.2&#8243; _module_preset=&#8220;default&#8220; header_2_font=&#8220;|800|||||||&#8220; header_2_text_color=&#8220;#FFFFFF&#8220; header_2_font_size=&#8220;35px&#8220; header_2_letter_spacing=&#8220;-1px&#8220; global_colors_info=&#8220;{}&#8220;]<h2>Dein Event \u2013 Unsere Mission<\/h2>[\/et_pb_text][et_pb_text _builder_version=&#8220;4.24.2&#8243; _module_preset=&#8220;default&#8220; text_font_size=&#8220;18px&#8220; global_colors_info=&#8220;{}&#8220;]<p><span style=\"color: #ffffff;\">Dein Vertrauen in uns, die Snapbox f\u00fcr dein Event zu w\u00e4hlen, ist eine Ehre und eine Verantwortung, die wir sehr ernst nehmen. Wir setzen alles daran, dass die Snapbox nicht nur eine Fotobox ist, sondern ein unvergesslicher Teil deiner Feier wird. Lass uns gemeinsam daf\u00fcr sorgen, dass deine sch\u00f6nsten Momente festgehalten werden und noch Jahre sp\u00e4ter ein L\u00e4cheln auf dein Gesicht zaubern.<\/span><\/p>[\/et_pb_text][\/et_pb_column][\/et_pb_row][et_pb_row column_structure=&#8220;1_2,1_2&#8243; _builder_version=&#8220;4.24.2&#8243; _module_preset=&#8220;default&#8220; global_colors_info=&#8220;{}&#8220;][et_pb_column type=&#8220;1_2&#8243; _builder_version=&#8220;4.24.2&#8243; _module_preset=&#8220;default&#8220; global_colors_info=&#8220;{}&#8220;][et_pb_text _builder_version=&#8220;4.24.2&#8243; _module_preset=&#8220;default&#8220; text_font_size=&#8220;18px&#8220; global_colors_info=&#8220;{}&#8220;]<p><strong><span style=\"color: #ffffff;\">Qualit\u00e4t:<\/span><\/strong><br \/><span style=\"color: #ffffff;\">Hochwertige Fotos und ein zuverl\u00e4ssiger Service stehen bei uns an erster Stelle.<\/span><\/p>\n<p><strong><span style=\"color: #ffffff;\">Einfachheit:<\/span><\/strong><br \/><span style=\"color: #ffffff;\">Von der Buchung bis zur Bedienung der Snapbox \u2013 wir machen es dir leicht.<\/span><\/p>\n<p><strong><span style=\"color: #ffffff;\">Spa\u00df:<\/span><\/strong><br \/><span style=\"color: #ffffff;\">Wir sorgen daf\u00fcr, dass der Snaptower das Highlight deines Events wird und bei allen G\u00e4sten f\u00fcr Begeisterung sorgt.<\/span><\/p>\n<p><strong><span style=\"color: #ffffff;\">Individualit\u00e4t:<\/span><\/strong><br \/><span style=\"color: #ffffff;\">Jedes Event ist einzigartig. Deshalb bieten wir dir zahlreiche Optionen, dein Event unkompliziert genau zu dem zu machen was du dir w\u00fcnschst. Au\u00dferdem l\u00e4sst sich unser Snaptower mit einer Folierung ganz nach deinen W\u00fcnschen gestalten.<\/span><\/p>[\/et_pb_text][\/et_pb_column][et_pb_column type=&#8220;1_2&#8243; _builder_version=&#8220;4.24.2&#8243; _module_preset=&#8220;default&#8220; global_colors_info=&#8220;{}&#8220;][et_pb_image src=&#8220;https:\/\/eventsnaps.de\/wp-content\/uploads\/2024\/04\/pexels-laura-lambden-97854.jpg&#8220; title_text=&#8220;pexels-laura-lambden-97854&#8243; _builder_version=&#8220;4.24.2&#8243; _module_preset=&#8220;default&#8220; global_colors_info=&#8220;{}&#8220;][\/et_pb_image][\/et_pb_column][\/et_pb_row][\/et_pb_section][et_pb_section fb_built=&#8220;1&#8243; _builder_version=&#8220;4.24.2&#8243; _module_preset=&#8220;default&#8220; background_color=&#8220;#000000&#8243; global_colors_info=&#8220;{}&#8220;][et_pb_row _builder_version=&#8220;4.24.2&#8243; _module_preset=&#8220;default&#8220; global_colors_info=&#8220;{}&#8220;][et_pb_column type=&#8220;4_4&#8243; _builder_version=&#8220;4.24.2&#8243; _module_preset=&#8220;default&#8220; global_colors_info=&#8220;{}&#8220;][et_pb_text _builder_version=&#8220;4.24.2&#8243; _module_preset=&#8220;default&#8220; header_2_font=&#8220;|800|||||||&#8220; header_2_text_color=&#8220;#cfa63d&#8220; header_2_font_size=&#8220;43px&#8220; header_2_letter_spacing=&#8220;-1px&#8220; global_colors_info=&#8220;{}&#8220;]<h2><strong>Verschiedene Events &#8211; eine Gemeinsamkeit<\/strong><\/h2>[\/et_pb_text][et_pb_text _builder_version=&#8220;4.24.2&#8243; _module_preset=&#8220;default&#8220; text_font_size=&#8220;18px&#8220; global_colors_info=&#8220;{}&#8220;]<p><span style=\"color: #ffffff;\">Bei Eventsnaps verstehen wir, dass jeder Anlass seine eigene Magie und Bedeutung hat. Ob es der sch\u00f6nste Tag deines Lebens ist, ein runder Geburtstag, der gefeiert wird, oder ein gesch\u00e4ftliches Zusammenkommen, das euch als Team inspirieren soll \u2013 wir haben f\u00fcr jedes Event die perfekte L\u00f6sung.<\/span><\/p>\n<p><span style=\"color: #ffffff;\">Entdecke, wie wir Hochzeiten, Geburtstage und Firmenevents zu unvergesslichen Momenten machen.<\/span><\/p>[\/et_pb_text][et_pb_button button_url=&#8220;https:\/\/eventsnaps.de\/eventuebersicht\/&#8220; button_text=&#8220;Zur Event\u00fcbersicht&#8220; button_alignment=&#8220;center&#8220; _builder_version=&#8220;4.24.2&#8243; _module_preset=&#8220;default&#8220; custom_button=&#8220;on&#8220; button_text_color=&#8220;#000000&#8243; button_bg_color=&#8220;#FFFFFF&#8220; button_border_width=&#8220;0px&#8220; global_colors_info=&#8220;{}&#8220;][\/et_pb_button][\/et_pb_column][\/et_pb_row][\/et_pb_section][et_pb_section fb_built=&#8220;1&#8243; _builder_version=&#8220;4.24.2&#8243; _module_preset=&#8220;default&#8220; background_color=&#8220;#5d3891&#8243; background_enable_video_mp4=&#8220;off&#8220; global_colors_info=&#8220;{}&#8220;][et_pb_row _builder_version=&#8220;4.24.2&#8243; _module_preset=&#8220;default&#8220; global_colors_info=&#8220;{}&#8220;][et_pb_column type=&#8220;4_4&#8243; _builder_version=&#8220;4.24.2&#8243; _module_preset=&#8220;default&#8220; global_colors_info=&#8220;{}&#8220;][et_pb_text _builder_version=&#8220;4.24.2&#8243; _module_preset=&#8220;default&#8220; header_2_font=&#8220;|800|||||||&#8220; header_2_text_color=&#8220;#cfa63d&#8220; header_2_font_size=&#8220;43px&#8220; header_2_letter_spacing=&#8220;-1px&#8220; global_colors_info=&#8220;{}&#8220;]<h2>Bereit, deine Geschichte mit uns zu schreiben?<\/h2>[\/et_pb_text][\/et_pb_column][\/et_pb_row][et_pb_row _builder_version=&#8220;4.24.2&#8243; _module_preset=&#8220;default&#8220; global_colors_info=&#8220;{}&#8220;][et_pb_column type=&#8220;4_4&#8243; _builder_version=&#8220;4.24.2&#8243; _module_preset=&#8220;default&#8220; global_colors_info=&#8220;{}&#8220;][et_pb_text _builder_version=&#8220;4.24.2&#8243; _module_preset=&#8220;default&#8220; text_font_size=&#8220;18px&#8220; global_colors_info=&#8220;{}&#8220;]<p><span style=\"color: #ffffff;\">Kontaktiere uns noch heute und lass uns gemeinsam planen, wie wir dein n\u00e4chstes Event mit dem Snaptower zu einem unvergesslichen Erlebnis machen k\u00f6nnen. Wir freuen uns darauf, dich und deine G\u00e4ste mit sch\u00f6nen Erinnerungen und Freude im Herzen zur\u00fcckzulassen.<\/span><\/p>[\/et_pb_text][\/et_pb_column][\/et_pb_row][et_pb_row _builder_version=&#8220;4.24.2&#8243; _module_preset=&#8220;default&#8220; global_colors_info=&#8220;{}&#8220;][et_pb_column type=&#8220;4_4&#8243; _builder_version=&#8220;4.24.2&#8243; _module_preset=&#8220;default&#8220; global_colors_info=&#8220;{}&#8220;][et_pb_button button_url=&#8220;https:\/\/eventsnaps.de\/buchung\/&#8220; button_text=&#8220;Zur Buchung&#8220; button_alignment=&#8220;center&#8220; _builder_version=&#8220;4.24.2&#8243; _module_preset=&#8220;default&#8220; custom_button=&#8220;on&#8220; button_text_color=&#8220;#000000&#8243; button_bg_color=&#8220;#FFFFFF&#8220; button_border_width=&#8220;0px&#8220; global_colors_info=&#8220;{}&#8220;][\/et_pb_button][\/et_pb_column][\/et_pb_row][\/et_pb_section]\n","protected":false},"excerpt":{"rendered":"<p>\u00dcber michIch hei\u00dfe Mirjam und bin die Gr\u00fcnderin von Eventsnaps. Schon in fr\u00fchen Jahren habe ich meine Leidenschaft f\u00fcr Mottoparties entdeckt und kann mit Stolz sagen, dass meine Partys bis heute legend\u00e4r sind und meinen G\u00e4sten lange in Erinnerung bleiben! Inzwischen bin ich Mutter eines kleinen Sohnes und wei\u00df daher, dass auch schon die Kleinsten [&hellip;]<\/p>\n","protected":false},"author":1,"featured_media":0,"parent":0,"menu_order":0,"comment_status":"closed","ping_status":"closed","template":"","meta":{"_et_pb_use_builder":"on","_et_pb_old_content":"","_et_gb_content_width":"","footnotes":""},"class_list":["post-232","page","type-page","status-publish","hentry"],"yoast_head":"<!-- This site is optimized with the Yoast SEO plugin v27.4 - https:\/\/yoast.com\/product\/yoast-seo-wordpress\/ -->\n<title>\u00dcber uns<\/title>\n<meta name=\"description\" content=\"Mit unserer Fotobox und unserer Deko wird jedes Event zu einem legend\u00e4ren Erlebnis! Lerne uns kennen auf unserer \u00dcber uns Seite.\" \/>\n<meta name=\"robots\" content=\"index, follow, max-snippet:-1, max-image-preview:large, max-video-preview:-1\" \/>\n<link rel=\"canonical\" href=\"https:\/\/eventsnaps.de\/en\/ueber-uns\/\" \/>\n<meta property=\"og:locale\" content=\"en_US\" \/>\n<meta property=\"og:type\" content=\"article\" \/>\n<meta property=\"og:title\" content=\"\u00dcber uns\" \/>\n<meta property=\"og:description\" content=\"Mit unserer Fotobox und unserer Deko wird jedes Event zu einem legend\u00e4ren Erlebnis! Lerne uns kennen auf unserer \u00dcber uns Seite.\" \/>\n<meta property=\"og:url\" content=\"https:\/\/eventsnaps.de\/en\/ueber-uns\/\" \/>\n<meta property=\"og:site_name\" content=\"Eventsnaps\" \/>\n<meta property=\"article:modified_time\" content=\"2024-04-16T13:08:06+00:00\" \/>\n<meta name=\"twitter:card\" content=\"summary_large_image\" \/>\n<meta name=\"twitter:label1\" content=\"Est. reading time\" \/>\n\t<meta name=\"twitter:data1\" content=\"3 minutes\" \/>\n<script type=\"application\/ld+json\" class=\"yoast-schema-graph\">{\"@context\":\"https:\\\/\\\/schema.org\",\"@graph\":[{\"@type\":\"WebPage\",\"@id\":\"https:\\\/\\\/eventsnaps.de\\\/ueber-uns\\\/\",\"url\":\"https:\\\/\\\/eventsnaps.de\\\/ueber-uns\\\/\",\"name\":\"\u00dcber uns\",\"isPartOf\":{\"@id\":\"https:\\\/\\\/eventsnaps.de\\\/#website\"},\"datePublished\":\"2024-03-18T14:20:52+00:00\",\"dateModified\":\"2024-04-16T13:08:06+00:00\",\"description\":\"Mit unserer Fotobox und unserer Deko wird jedes Event zu einem legend\u00e4ren Erlebnis! Lerne uns kennen auf unserer \u00dcber uns Seite.\",\"breadcrumb\":{\"@id\":\"https:\\\/\\\/eventsnaps.de\\\/ueber-uns\\\/#breadcrumb\"},\"inLanguage\":\"en-US\",\"potentialAction\":[{\"@type\":\"ReadAction\",\"target\":[\"https:\\\/\\\/eventsnaps.de\\\/ueber-uns\\\/\"]}]},{\"@type\":\"BreadcrumbList\",\"@id\":\"https:\\\/\\\/eventsnaps.de\\\/ueber-uns\\\/#breadcrumb\",\"itemListElement\":[{\"@type\":\"ListItem\",\"position\":1,\"name\":\"Startseite\",\"item\":\"https:\\\/\\\/eventsnaps.de\\\/\"},{\"@type\":\"ListItem\",\"position\":2,\"name\":\"\u00dcber uns\"}]},{\"@type\":\"WebSite\",\"@id\":\"https:\\\/\\\/eventsnaps.de\\\/#website\",\"url\":\"https:\\\/\\\/eventsnaps.de\\\/\",\"name\":\"Eventsnaps\",\"description\":\"\",\"potentialAction\":[{\"@type\":\"SearchAction\",\"target\":{\"@type\":\"EntryPoint\",\"urlTemplate\":\"https:\\\/\\\/eventsnaps.de\\\/?s={search_term_string}\"},\"query-input\":{\"@type\":\"PropertyValueSpecification\",\"valueRequired\":true,\"valueName\":\"search_term_string\"}}],\"inLanguage\":\"en-US\"}]}<\/script>\n<!-- \/ Yoast SEO plugin. -->","yoast_head_json":{"title":"About us","description":"Mit unserer Fotobox und unserer Deko wird jedes Event zu einem legend\u00e4ren Erlebnis! Lerne uns kennen auf unserer \u00dcber uns Seite.","robots":{"index":"index","follow":"follow","max-snippet":"max-snippet:-1","max-image-preview":"max-image-preview:large","max-video-preview":"max-video-preview:-1"},"canonical":"https:\/\/eventsnaps.de\/en\/ueber-uns\/","og_locale":"en_US","og_type":"article","og_title":"\u00dcber uns","og_description":"Mit unserer Fotobox und unserer Deko wird jedes Event zu einem legend\u00e4ren Erlebnis! Lerne uns kennen auf unserer \u00dcber uns Seite.","og_url":"https:\/\/eventsnaps.de\/en\/ueber-uns\/","og_site_name":"Eventsnaps","article_modified_time":"2024-04-16T13:08:06+00:00","twitter_card":"summary_large_image","twitter_misc":{"Est. reading time":"3 minutes"},"schema":{"@context":"https:\/\/schema.org","@graph":[{"@type":"WebPage","@id":"https:\/\/eventsnaps.de\/ueber-uns\/","url":"https:\/\/eventsnaps.de\/ueber-uns\/","name":"About us","isPartOf":{"@id":"https:\/\/eventsnaps.de\/#website"},"datePublished":"2024-03-18T14:20:52+00:00","dateModified":"2024-04-16T13:08:06+00:00","description":"Mit unserer Fotobox und unserer Deko wird jedes Event zu einem legend\u00e4ren Erlebnis! Lerne uns kennen auf unserer \u00dcber uns Seite.","breadcrumb":{"@id":"https:\/\/eventsnaps.de\/ueber-uns\/#breadcrumb"},"inLanguage":"en-US","potentialAction":[{"@type":"ReadAction","target":["https:\/\/eventsnaps.de\/ueber-uns\/"]}]},{"@type":"BreadcrumbList","@id":"https:\/\/eventsnaps.de\/ueber-uns\/#breadcrumb","itemListElement":[{"@type":"ListItem","position":1,"name":"Startseite","item":"https:\/\/eventsnaps.de\/"},{"@type":"ListItem","position":2,"name":"\u00dcber uns"}]},{"@type":"WebSite","@id":"https:\/\/eventsnaps.de\/#website","url":"https:\/\/eventsnaps.de\/","name":"Eventsnaps","description":"","potentialAction":[{"@type":"SearchAction","target":{"@type":"EntryPoint","urlTemplate":"https:\/\/eventsnaps.de\/?s={search_term_string}"},"query-input":{"@type":"PropertyValueSpecification","valueRequired":true,"valueName":"search_term_string"}}],"inLanguage":"en-US"}]}},"_links":{"self":[{"href":"https:\/\/eventsnaps.de\/en\/wp-json\/wp\/v2\/pages\/232","targetHints":{"allow":["GET"]}}],"collection":[{"href":"https:\/\/eventsnaps.de\/en\/wp-json\/wp\/v2\/pages"}],"about":[{"href":"https:\/\/eventsnaps.de\/en\/wp-json\/wp\/v2\/types\/page"}],"author":[{"embeddable":true,"href":"https:\/\/eventsnaps.de\/en\/wp-json\/wp\/v2\/users\/1"}],"replies":[{"embeddable":true,"href":"https:\/\/eventsnaps.de\/en\/wp-json\/wp\/v2\/comments?post=232"}],"version-history":[{"count":34,"href":"https:\/\/eventsnaps.de\/en\/wp-json\/wp\/v2\/pages\/232\/revisions"}],"predecessor-version":[{"id":954,"href":"https:\/\/eventsnaps.de\/en\/wp-json\/wp\/v2\/pages\/232\/revisions\/954"}],"wp:attachment":[{"href":"https:\/\/eventsnaps.de\/en\/wp-json\/wp\/v2\/media?parent=232"}],"curies":[{"name":"wp","href":"https:\/\/api.w.org\/{rel}","templated":true}]}}