{"id":156,"date":"2024-03-14T15:14:33","date_gmt":"2024-03-14T15:14:33","guid":{"rendered":"https:\/\/eventsnaps.de\/?page_id=156"},"modified":"2024-10-17T17:18:38","modified_gmt":"2024-10-17T17:18:38","slug":"hochzeitsfeiern","status":"publish","type":"page","link":"https:\/\/eventsnaps.de\/en\/hochzeitsfeiern\/","title":{"rendered":"Weddings"},"content":{"rendered":"<p>[et_pb_section fb_built=&#8220;1&#8243; disabled_on=&#8220;on|off|off&#8220; _builder_version=&#8220;4.24.2&#8243; _module_preset=&#8220;default&#8220; background_color=&#8220;#000000&#8243; global_colors_info=&#8220;{}&#8220;][et_pb_row _builder_version=&#8220;4.24.2&#8243; _module_preset=&#8220;default&#8220; global_colors_info=&#8220;{}&#8220;][et_pb_column type=&#8220;4_4&#8243; _builder_version=&#8220;4.24.2&#8243; _module_preset=&#8220;default&#8220; global_colors_info=&#8220;{}&#8220;][et_pb_text _builder_version=&#8220;4.24.2&#8243; _module_preset=&#8220;default&#8220; header_font=&#8220;|800|||||||&#8220; header_text_color=&#8220;#cfa63d&#8220; header_font_size=&#8220;54px&#8220; header_letter_spacing=&#8220;-1px&#8220; header_2_font_size=&#8220;43px&#8220; header_2_letter_spacing=&#8220;-1px&#8220; global_colors_info=&#8220;{}&#8220;]<\/p>\n<h1><strong>Das i T\u00fcpfelchen f\u00fcr eine perfekte Hochzeit<\/strong><\/h1>\n<p>[\/et_pb_text][\/et_pb_column][\/et_pb_row][et_pb_row column_structure=&#8220;1_2,1_2&#8243; _builder_version=&#8220;4.24.2&#8243; _module_preset=&#8220;default&#8220; global_colors_info=&#8220;{}&#8220;][et_pb_column type=&#8220;1_2&#8243; _builder_version=&#8220;4.24.2&#8243; _module_preset=&#8220;default&#8220; global_colors_info=&#8220;{}&#8220;][et_pb_text _builder_version=&#8220;4.24.2&#8243; _module_preset=&#8220;default&#8220; text_font_size=&#8220;18px&#8220; global_colors_info=&#8220;{}&#8220;]<\/p>\n<p><span style=\"color: #ffffff;\">Dein Hochzeitstag ist der Beginn einer wunderbaren Reise zu zweit, gef\u00fcllt mit Liebe, Lachen und unvergesslichen Momenten. Was gibt es Sch\u00f6neres, als diese einzigartigen Augenblicke von Anfang an festzuhalten und mit deinen Liebsten teilen zu k\u00f6nnen? Unser Snaptower f\u00e4ngt jedes L\u00e4cheln, jede Tr\u00e4ne der R\u00fchrung und jedes herzliche Lachen auf magische Weise ein.<\/span><\/p>\n<p>[\/et_pb_text][\/et_pb_column][et_pb_column type=&#8220;1_2&#8243; _builder_version=&#8220;4.24.2&#8243; _module_preset=&#8220;default&#8220; global_colors_info=&#8220;{}&#8220;][et_pb_image src=&#8220;https:\/\/eventsnaps.de\/wp-content\/uploads\/2024\/04\/Hochzeit-Titelbild-1024&#215;790.jpg&#8220; _builder_version=&#8220;4.24.2&#8243; _module_preset=&#8220;default&#8220; global_colors_info=&#8220;{}&#8220;][\/et_pb_image][\/et_pb_column][\/et_pb_row][et_pb_row _builder_version=&#8220;4.24.2&#8243; _module_preset=&#8220;default&#8220; global_colors_info=&#8220;{}&#8220;][et_pb_column type=&#8220;4_4&#8243; _builder_version=&#8220;4.24.2&#8243; _module_preset=&#8220;default&#8220; global_colors_info=&#8220;{}&#8220;][et_pb_text _builder_version=&#8220;4.24.2&#8243; _module_preset=&#8220;default&#8220; header_2_text_color=&#8220;#cfa63d&#8220; header_2_font_size=&#8220;43px&#8220; header_2_letter_spacing=&#8220;-1px&#8220; global_colors_info=&#8220;{}&#8220;]<\/p>\n<h2><strong>Warum der Snaptower das Herzst\u00fcck eurer Hochzeit sein wird:<\/strong><\/h2>\n<p>[\/et_pb_text][\/et_pb_column][\/et_pb_row][et_pb_row column_structure=&#8220;1_4,1_4,1_4,1_4&#8243; _builder_version=&#8220;4.24.2&#8243; _module_preset=&#8220;default&#8220; global_colors_info=&#8220;{}&#8220;][et_pb_column type=&#8220;1_4&#8243; _builder_version=&#8220;4.24.2&#8243; _module_preset=&#8220;default&#8220; global_colors_info=&#8220;{}&#8220;][et_pb_icon font_icon=&#8220;&#xf0d0;||fa||900&#8243; icon_color=&#8220;#FFFFFF&#8220; icon_width=&#8220;60px&#8220; _builder_version=&#8220;4.24.2&#8243; _module_preset=&#8220;default&#8220; global_colors_info=&#8220;{}&#8220;][\/et_pb_icon][\/et_pb_column][et_pb_column type=&#8220;1_4&#8243; _builder_version=&#8220;4.24.2&#8243; _module_preset=&#8220;default&#8220; global_colors_info=&#8220;{}&#8220;][et_pb_icon font_icon=&#8220;&#xf582;||fa||900&#8243; icon_color=&#8220;#FFFFFF&#8220; icon_width=&#8220;60px&#8220; _builder_version=&#8220;4.24.2&#8243; _module_preset=&#8220;default&#8220; global_colors_info=&#8220;{}&#8220;][\/et_pb_icon][\/et_pb_column][et_pb_column type=&#8220;1_4&#8243; _builder_version=&#8220;4.24.2&#8243; _module_preset=&#8220;default&#8220; global_colors_info=&#8220;{}&#8220;][et_pb_icon font_icon=&#8220;&#xf521;||fa||900&#8243; icon_color=&#8220;#FFFFFF&#8220; icon_width=&#8220;60px&#8220; _builder_version=&#8220;4.24.2&#8243; _module_preset=&#8220;default&#8220; global_colors_info=&#8220;{}&#8220;][\/et_pb_icon][\/et_pb_column][et_pb_column type=&#8220;1_4&#8243; _builder_version=&#8220;4.24.2&#8243; _module_preset=&#8220;default&#8220; global_colors_info=&#8220;{}&#8220;][et_pb_icon font_icon=&#8220;&#xe0fa;||divi||400&#8243; icon_color=&#8220;#FFFFFF&#8220; icon_width=&#8220;60px&#8220; _builder_version=&#8220;4.24.2&#8243; _module_preset=&#8220;default&#8220; global_colors_info=&#8220;{}&#8220;][\/et_pb_icon][\/et_pb_column][\/et_pb_row][et_pb_row column_structure=&#8220;1_4,1_4,1_4,1_4&#8243; _builder_version=&#8220;4.24.2&#8243; _module_preset=&#8220;default&#8220; global_colors_info=&#8220;{}&#8220;][et_pb_column type=&#8220;1_4&#8243; _builder_version=&#8220;4.24.2&#8243; _module_preset=&#8220;default&#8220; global_colors_info=&#8220;{}&#8220;][et_pb_text _builder_version=&#8220;4.24.2&#8243; _module_preset=&#8220;default&#8220; text_text_color=&#8220;#FFFFFF&#8220; text_font_size=&#8220;18px&#8220; global_colors_info=&#8220;{}&#8220;]<\/p>\n<p><strong>Unvergessliche Erinnerungen:<\/strong><\/p>\n<p>Der Snaptower sorgt nicht nur f\u00fcr Spa\u00df und Unterhaltung, er schafft auch bleibende Erinnerungen, die du dein Leben lang sch\u00e4tzen wirst. Er ist die perfekte Erg\u00e4nzung beim gr\u00f6\u00dften Tag eures Lebens, um jede Emotion und jeden besonderen Moment einzufangen.<\/p>\n<p>[\/et_pb_text][\/et_pb_column][et_pb_column type=&#8220;1_4&#8243; _builder_version=&#8220;4.24.2&#8243; _module_preset=&#8220;default&#8220; global_colors_info=&#8220;{}&#8220;][et_pb_text _builder_version=&#8220;4.24.2&#8243; _module_preset=&#8220;default&#8220; text_text_color=&#8220;#FFFFFF&#8220; text_font_size=&#8220;18px&#8220; custom_padding=&#8220;||0px|||&#8220; global_colors_info=&#8220;{}&#8220;]<\/p>\n<p><strong>Pers\u00f6nlicher Touch:<\/strong><\/p>\n<p>Mit einer Vielzahl an personalisierbaren Optionen \u2013 von Hintergr\u00fcnden bis zu individuellen Fotolayouts \u2013 kannst du den Snaptower perfekt auf das Thema deiner Hochzeit abstimmen. <\/p>\n<p>[\/et_pb_text][\/et_pb_column][et_pb_column type=&#8220;1_4&#8243; _builder_version=&#8220;4.24.2&#8243; _module_preset=&#8220;default&#8220; global_colors_info=&#8220;{}&#8220;][et_pb_text _builder_version=&#8220;4.24.2&#8243; _module_preset=&#8220;default&#8220; text_text_color=&#8220;#FFFFFF&#8220; text_font_size=&#8220;18px&#8220; global_colors_info=&#8220;{}&#8220;]<\/p>\n<p><strong>F\u00fcr jeden Gast ein Geschenk:<\/strong><\/p>\n<p>Die sofortigen Drucke des Snaptowers bieten euren G\u00e4sten ein einzigartiges Andenken, das sie sofort mit nach Hause nehmen k\u00f6nnen. Eine wunderbare Art, Danke zu sagen und die Freude zu teilen.<\/p>\n<p>[\/et_pb_text][\/et_pb_column][et_pb_column type=&#8220;1_4&#8243; _builder_version=&#8220;4.24.2&#8243; _module_preset=&#8220;default&#8220; global_colors_info=&#8220;{}&#8220;][et_pb_text _builder_version=&#8220;4.24.2&#8243; _module_preset=&#8220;default&#8220; text_text_color=&#8220;#FFFFFF&#8220; text_font_size=&#8220;18px&#8220; global_colors_info=&#8220;{}&#8220;]<\/p>\n<p><strong>Verbinde Generationen:<\/strong><\/p>\n<p>Die Snaptower bringt Jung und Alt zusammen, schafft eine Br\u00fccke zwischen Generationen und l\u00e4dt alle ein, aktiver Teil eurer Hochzeit zu sein. Er ist nicht nur eine Fotobox, sondern ein Erlebnis, das Menschen verbindet.<\/p>\n<p>[\/et_pb_text][\/et_pb_column][\/et_pb_row][\/et_pb_section][et_pb_section fb_built=&#8220;1&#8243; disabled_on=&#8220;off|on|on&#8220; _builder_version=&#8220;4.24.2&#8243; _module_preset=&#8220;default&#8220; background_color=&#8220;#000000&#8243; global_colors_info=&#8220;{}&#8220;][et_pb_row _builder_version=&#8220;4.24.2&#8243; _module_preset=&#8220;default&#8220; global_colors_info=&#8220;{}&#8220;][et_pb_column type=&#8220;4_4&#8243; _builder_version=&#8220;4.24.2&#8243; _module_preset=&#8220;default&#8220; global_colors_info=&#8220;{}&#8220;][et_pb_text _builder_version=&#8220;4.24.2&#8243; _module_preset=&#8220;default&#8220; header_font=&#8220;|800|||||||&#8220; header_text_color=&#8220;#cfa63d&#8220; header_font_size=&#8220;54px&#8220; header_letter_spacing=&#8220;-1px&#8220; header_2_font_size=&#8220;43px&#8220; header_2_letter_spacing=&#8220;-1px&#8220; global_colors_info=&#8220;{}&#8220;]<\/p>\n<h1><strong>Das i T\u00fcpfelchen f\u00fcr eine perfekte Hochzeit<\/strong><\/h1>\n<p>[\/et_pb_text][\/et_pb_column][\/et_pb_row][et_pb_row _builder_version=&#8220;4.24.2&#8243; _module_preset=&#8220;default&#8220; global_colors_info=&#8220;{}&#8220;][et_pb_column type=&#8220;4_4&#8243; _builder_version=&#8220;4.24.2&#8243; _module_preset=&#8220;default&#8220; global_colors_info=&#8220;{}&#8220;][et_pb_text _builder_version=&#8220;4.24.2&#8243; _module_preset=&#8220;default&#8220; text_font_size=&#8220;18px&#8220; global_colors_info=&#8220;{}&#8220;]<\/p>\n<p><span style=\"color: #ffffff;\">Dein Hochzeitstag ist der Beginn einer wunderbaren Reise zu zweit, gef\u00fcllt mit Liebe, Lachen und unvergesslichen Momenten. Was gibt es Sch\u00f6neres, als diese einzigartigen Augenblicke von Anfang an festzuhalten und mit deinen Liebsten teilen zu k\u00f6nnen? Unser Snaptower f\u00e4ngt jedes L\u00e4cheln, jede Tr\u00e4ne der R\u00fchrung und jedes herzliche Lachen auf magische Weise ein.<\/span><\/p>\n<p>[\/et_pb_text][et_pb_image src=&#8220;https:\/\/eventsnaps.de\/wp-content\/uploads\/2024\/04\/Hochzeit-Titelbild-300&#215;232.jpg&#8220; align=&#8220;center&#8220; _builder_version=&#8220;4.24.2&#8243; _module_preset=&#8220;default&#8220; global_colors_info=&#8220;{}&#8220;][\/et_pb_image][\/et_pb_column][\/et_pb_row][et_pb_row _builder_version=&#8220;4.24.2&#8243; _module_preset=&#8220;default&#8220; global_colors_info=&#8220;{}&#8220;][et_pb_column type=&#8220;4_4&#8243; _builder_version=&#8220;4.24.2&#8243; _module_preset=&#8220;default&#8220; global_colors_info=&#8220;{}&#8220;][et_pb_text _builder_version=&#8220;4.24.2&#8243; _module_preset=&#8220;default&#8220; header_2_text_color=&#8220;#cfa63d&#8220; header_2_font_size=&#8220;43px&#8220; header_2_letter_spacing=&#8220;-1px&#8220; global_colors_info=&#8220;{}&#8220;]<\/p>\n<h2><strong>Warum der Snaptower das Herzst\u00fcck deiner Hochzeit sein wird:<\/strong><\/h2>\n<p>[\/et_pb_text][\/et_pb_column][\/et_pb_row][et_pb_row _builder_version=&#8220;4.24.2&#8243; _module_preset=&#8220;default&#8220; global_colors_info=&#8220;{}&#8220;][et_pb_column type=&#8220;4_4&#8243; _builder_version=&#8220;4.24.2&#8243; _module_preset=&#8220;default&#8220; global_colors_info=&#8220;{}&#8220;][et_pb_icon font_icon=&#8220;&#xf0d0;||fa||900&#8243; icon_color=&#8220;#FFFFFF&#8220; icon_width=&#8220;60px&#8220; _builder_version=&#8220;4.24.2&#8243; _module_preset=&#8220;default&#8220; global_colors_info=&#8220;{}&#8220;][\/et_pb_icon][et_pb_text _builder_version=&#8220;4.24.2&#8243; _module_preset=&#8220;default&#8220; text_text_color=&#8220;#FFFFFF&#8220; text_font_size=&#8220;18px&#8220; global_colors_info=&#8220;{}&#8220;]<\/p>\n<p><strong>Unvergessliche Erinnerungen:<\/strong><\/p>\n<p>Der Snaptower sorgt nicht nur f\u00fcr Spa\u00df und Unterhaltung, er schafft auch bleibende Erinnerungen, die du dein Leben lang sch\u00e4tzen wirst. Er ist die perfekte Erg\u00e4nzung beim gr\u00f6\u00dften Tag deines Lebens, um jede Emotion und jeden besonderen Moment einzufangen.<\/p>\n<p>[\/et_pb_text][et_pb_icon font_icon=&#8220;&#xf582;||fa||900&#8243; icon_color=&#8220;#FFFFFF&#8220; icon_width=&#8220;60px&#8220; _builder_version=&#8220;4.24.2&#8243; _module_preset=&#8220;default&#8220; global_colors_info=&#8220;{}&#8220;][\/et_pb_icon][et_pb_text _builder_version=&#8220;4.24.2&#8243; _module_preset=&#8220;default&#8220; text_text_color=&#8220;#FFFFFF&#8220; text_font_size=&#8220;18px&#8220; global_colors_info=&#8220;{}&#8220;]<\/p>\n<p><strong>Pers\u00f6nlicher Touch:<\/strong><\/p>\n<p>Mit einer Vielzahl an personalisierbaren Optionen \u2013 von Hintergr\u00fcnden bis zu Fotoframes \u2013 kannst du den Snaptower perfekt auf das Thema deiner Hochzeit abstimmen. So wird jedes Foto zu einem kleinen Kunstwerk, das die Essenz eures besonderen Tages einf\u00e4ngt.<\/p>\n<p>[\/et_pb_text][et_pb_icon font_icon=&#8220;&#xf521;||fa||900&#8243; icon_color=&#8220;#FFFFFF&#8220; icon_width=&#8220;60px&#8220; _builder_version=&#8220;4.24.2&#8243; _module_preset=&#8220;default&#8220; global_colors_info=&#8220;{}&#8220;][\/et_pb_icon][et_pb_text _builder_version=&#8220;4.24.2&#8243; _module_preset=&#8220;default&#8220; text_text_color=&#8220;#FFFFFF&#8220; text_font_size=&#8220;18px&#8220; global_colors_info=&#8220;{}&#8220;]<\/p>\n<p><strong>F\u00fcr jeden Gast ein Geschenk:<\/strong><\/p>\n<p>Die sofortigen Drucke des Snaptowers bieten deinen G\u00e4sten ein einzigartiges Andenken, das sie sofort mit nach Hause nehmen k\u00f6nnen. Eine wunderbare Art, Danke zu sagen und die Freude zu teilen.<\/p>\n<p>[\/et_pb_text][et_pb_icon font_icon=&#8220;&#xe0fa;||divi||400&#8243; icon_color=&#8220;#FFFFFF&#8220; icon_width=&#8220;60px&#8220; _builder_version=&#8220;4.24.2&#8243; _module_preset=&#8220;default&#8220; global_colors_info=&#8220;{}&#8220;][\/et_pb_icon][et_pb_text _builder_version=&#8220;4.24.2&#8243; _module_preset=&#8220;default&#8220; text_text_color=&#8220;#FFFFFF&#8220; text_font_size=&#8220;18px&#8220; global_colors_info=&#8220;{}&#8220;]<\/p>\n<p><strong>Verbinde Generationen:<\/strong><\/p>\n<p>Die Snaptower bringt Jung und Alt zusammen, schafft eine Br\u00fccke zwischen Generationen und l\u00e4dt alle ein, aktiver Teil eurer Hochzeit zu sein. Er ist nicht nur eine Fotobox, sondern ein magisches Erlebnis, das Menschen verbindet.<\/p>\n<p>[\/et_pb_text][\/et_pb_column][\/et_pb_row][\/et_pb_section][et_pb_section fb_built=&#8220;1&#8243; _builder_version=&#8220;4.24.2&#8243; _module_preset=&#8220;default&#8220; background_color=&#8220;#5d3891&#8243; background_enable_video_mp4=&#8220;off&#8220; hover_enabled=&#8220;0&#8243; global_colors_info=&#8220;{}&#8220; custom_padding=&#8220;52px|||||&#8220; sticky_enabled=&#8220;0&#8243;][et_pb_row _builder_version=&#8220;4.24.2&#8243; _module_preset=&#8220;default&#8220; global_colors_info=&#8220;{}&#8220;][et_pb_column type=&#8220;4_4&#8243; _builder_version=&#8220;4.24.2&#8243; _module_preset=&#8220;default&#8220; global_colors_info=&#8220;{}&#8220;][et_pb_text _builder_version=&#8220;4.24.2&#8243; _module_preset=&#8220;default&#8220; text_font_size=&#8220;18px&#8220; header_2_text_color=&#8220;#cfa63d&#8220; header_2_font_size=&#8220;43px&#8220; global_colors_info=&#8220;{}&#8220;]<\/p>\n<h2><strong>Bist du bereit, eure Liebe festzuhalten?<\/strong><\/h2>\n<p>[\/et_pb_text][\/et_pb_column][\/et_pb_row][et_pb_row _builder_version=&#8220;4.24.2&#8243; _module_preset=&#8220;default&#8220; global_colors_info=&#8220;{}&#8220;][et_pb_column type=&#8220;4_4&#8243; _builder_version=&#8220;4.24.2&#8243; _module_preset=&#8220;default&#8220; global_colors_info=&#8220;{}&#8220;][et_pb_text _builder_version=&#8220;4.24.2&#8243; _module_preset=&#8220;default&#8220; text_text_color=&#8220;#FFFFFF&#8220; text_font_size=&#8220;18px&#8220; global_colors_info=&#8220;{}&#8220;]<\/p>\n<p>Eure Hochzeit hat es verdient in all ihren Facetten und in voller Pracht in Bildern festgehalten zu werden!\u00a0 Durch unsere Fotos werdet ihr und eure G\u00e4ste euch noch lange an diesen einzigartigen Tag zur\u00fcckerinnern!<\/p>\n<p>Kontaktiere uns jetzt, um den Snaptower f\u00fcr euren gro\u00dfen Tag zu sichern und Liebe, Freude und unvergessliche Erinnerungen zu teilen.<\/p>\n<p>[\/et_pb_text][\/et_pb_column][\/et_pb_row][et_pb_row _builder_version=&#8220;4.24.2&#8243; _module_preset=&#8220;default&#8220; global_colors_info=&#8220;{}&#8220;][et_pb_column type=&#8220;4_4&#8243; _builder_version=&#8220;4.24.2&#8243; _module_preset=&#8220;default&#8220; global_colors_info=&#8220;{}&#8220;][et_pb_button button_url=&#8220;https:\/\/eventsnaps.de\/buchung\/&#8220; button_text=&#8220;Zur Buchung&#8220; button_alignment=&#8220;center&#8220; _builder_version=&#8220;4.24.2&#8243; _module_preset=&#8220;default&#8220; custom_button=&#8220;on&#8220; button_text_color=&#8220;#000000&#8243; button_bg_color=&#8220;#FFFFFF&#8220; button_border_width=&#8220;0px&#8220; button_font=&#8220;|600|||||||&#8220; button_use_icon=&#8220;off&#8220; global_colors_info=&#8220;{}&#8220;][\/et_pb_button][\/et_pb_column][\/et_pb_row][\/et_pb_section][et_pb_section fb_built=&#8220;1&#8243; disabled_on=&#8220;on|on|on&#8220; _builder_version=&#8220;4.24.2&#8243; _module_preset=&#8220;default&#8220; background_color=&#8220;#e2e2e2&#8243; disabled=&#8220;on&#8220; global_colors_info=&#8220;{}&#8220;][et_pb_row _builder_version=&#8220;4.24.2&#8243; _module_preset=&#8220;default&#8220; global_colors_info=&#8220;{}&#8220;][et_pb_column type=&#8220;4_4&#8243; _builder_version=&#8220;4.24.2&#8243; _module_preset=&#8220;default&#8220; global_colors_info=&#8220;{}&#8220;][et_pb_text _builder_version=&#8220;4.24.2&#8243; _module_preset=&#8220;default&#8220; header_2_font_size=&#8220;43px&#8220; header_2_letter_spacing=&#8220;-1px&#8220; global_colors_info=&#8220;{}&#8220;]<\/p>\n<h2><strong>Stimmen unserer Kundinnen und Kunden<\/strong><\/h2>\n<p>&nbsp;<\/p>\n<p>[\/et_pb_text][et_pb_slider _builder_version=&#8220;4.24.2&#8243; _module_preset=&#8220;default&#8220; global_colors_info=&#8220;{}&#8220;][et_pb_slide heading=&#8220;Lena M\u00fcller: &#8220; image=&#8220;https:\/\/eventsnaps.de\/wp-content\/uploads\/2024\/03\/pexels-jonas-wilson-16322930-300&#215;200.jpg&#8220; _builder_version=&#8220;4.24.2&#8243; _module_preset=&#8220;default&#8220; global_colors_info=&#8220;{}&#8220; sticky_transition=&#8220;on&#8220;]<\/p>\n<p>&#8222;Die Snapbox war der Hit auf Tims 8. Geburtstag! Die Kinder hatten so viel Spa\u00df beim Verkleiden und Fotos machen. Wir haben jetzt ein wundersch\u00f6nes Album voller lustiger Erinnerungen. Danke an das wundervolle Team von Eventsnaps!&#8220;<\/p>\n<p>[\/et_pb_slide][et_pb_slide heading=&#8220;Maximilian Bauer:&#8220; button_text=&#8220;Klicks&#8220; _builder_version=&#8220;4.24.2&#8243; _module_preset=&#8220;default&#8220; global_colors_info=&#8220;{}&#8220; sticky_transition=&#8220;on&#8220;]<\/p>\n<p>&#8222;Ich war zun\u00e4chst skeptisch, ob die Kinder die Snapbox leicht bedienen k\u00f6nnten, aber es war kinderleicht! Sie haben es geliebt und die Eltern waren beeindruckt. Ein voller Erfolg!&#8220;<\/p>\n<p>[\/et_pb_slide][et_pb_slide heading=&#8220;Sophie Hartmann: &#8220; image=&#8220;https:\/\/eventsnaps.de\/wp-content\/uploads\/2024\/03\/pexels-jonas-wilson-16322930-300&#215;200.jpg&#8220; _builder_version=&#8220;4.24.2&#8243; _module_preset=&#8220;default&#8220; global_colors_info=&#8220;{}&#8220; sticky_transition=&#8220;on&#8220;]<\/p>\n<p>&#8222;Julias Prinzessinnenparty wurde durch die Snapbox zu etwas ganz Besonderem. Die Fotos mit den Themenrequisiten sind einfach zauberhaft. Eine unvergessliche Erinnerung an ihren 6. Geburtstag!&#8220;<\/p>\n<p>[\/et_pb_slide][et_pb_slide heading=&#8220;Jonas Schneider:&#8220; image=&#8220;https:\/\/eventsnaps.de\/wp-content\/uploads\/2024\/03\/pexels-jonas-wilson-16322930-300&#215;200.jpg&#8220; _builder_version=&#8220;4.24.2&#8243; _module_preset=&#8220;default&#8220; global_colors_info=&#8220;{}&#8220; sticky_transition=&#8220;on&#8220;]<\/p>\n<p>&#8222;Die Snapbox war eine gro\u00dfartige Entscheidung f\u00fcr Felix&#8216; Superhelden-Geburtstag. Die Kinder waren begeistert von den coolen Hintergr\u00fcnden und haben sich stundenlang besch\u00e4ftigt. Das rundum Paket hat einen stressigen Kindergeburtstag zu einem entspannten Happening werden lassen, was wir allen Eltern ans Herz legen.&#8220;<\/p>\n<p>[\/et_pb_slide][et_pb_slide heading=&#8220;Marie Kr\u00fcger:&#8220; image=&#8220;https:\/\/eventsnaps.de\/wp-content\/uploads\/2024\/03\/pexels-jonas-wilson-16322930-300&#215;200.jpg&#8220; _builder_version=&#8220;4.24.2&#8243; _module_preset=&#8220;default&#8220; global_colors_info=&#8220;{}&#8220; sticky_transition=&#8220;on&#8220;]<\/p>\n<p>&#8222;Wir hatten die Snapbox f\u00fcr Fynns Geburtstagsparty gebucht und waren begeistert. Die Bedienung ist super einfach und die sofort ausgedrucken Fotos ein tolles Giveaway f\u00fcr die anderen Kinder und Eltern. Definitiv ein Highlight das wir wiederholen werden!&#8220;<\/p>\n<p>[\/et_pb_slide][\/et_pb_slider][\/et_pb_column][\/et_pb_row][\/et_pb_section]<\/p>\n","protected":false},"excerpt":{"rendered":"<p>Das i T\u00fcpfelchen f\u00fcr eine perfekte HochzeitDein Hochzeitstag ist der Beginn einer wunderbaren Reise zu zweit, gef\u00fcllt mit Liebe, Lachen und unvergesslichen Momenten. Was gibt es Sch\u00f6neres, als diese einzigartigen Augenblicke von Anfang an festzuhalten und mit deinen Liebsten teilen zu k\u00f6nnen? Unser Snaptower f\u00e4ngt jedes L\u00e4cheln, jede Tr\u00e4ne der R\u00fchrung und jedes herzliche Lachen [&hellip;]<\/p>\n","protected":false},"author":1,"featured_media":0,"parent":0,"menu_order":0,"comment_status":"closed","ping_status":"closed","template":"","meta":{"_et_pb_use_builder":"on","_et_pb_old_content":"","_et_gb_content_width":"","footnotes":""},"class_list":["post-156","page","type-page","status-publish","hentry"],"yoast_head":"<!-- This site is optimized with the Yoast SEO plugin v27.4 - https:\/\/yoast.com\/product\/yoast-seo-wordpress\/ -->\n<title>Hochzeitsfeiern<\/title>\n<meta name=\"description\" content=\"Miete eine hochwertige Fotobox f\u00fcr deine Hochzeit \u2713 Unser Snaptower bringt jede Hochzeitsgesellschaft auf Hochtouren :)\" \/>\n<meta name=\"robots\" content=\"index, follow, max-snippet:-1, max-image-preview:large, max-video-preview:-1\" \/>\n<link rel=\"canonical\" href=\"https:\/\/eventsnaps.de\/en\/hochzeitsfeiern\/\" \/>\n<meta property=\"og:locale\" content=\"en_US\" \/>\n<meta property=\"og:type\" content=\"article\" \/>\n<meta property=\"og:title\" content=\"Hochzeitsfeiern\" \/>\n<meta property=\"og:description\" content=\"Miete eine hochwertige Fotobox f\u00fcr deine Hochzeit \u2713 Unser Snaptower bringt jede Hochzeitsgesellschaft auf Hochtouren :)\" \/>\n<meta property=\"og:url\" content=\"https:\/\/eventsnaps.de\/en\/hochzeitsfeiern\/\" \/>\n<meta property=\"og:site_name\" content=\"Eventsnaps\" \/>\n<meta property=\"article:modified_time\" content=\"2024-10-17T17:18:38+00:00\" \/>\n<meta name=\"twitter:card\" content=\"summary_large_image\" \/>\n<meta name=\"twitter:label1\" content=\"Est. reading time\" \/>\n\t<meta name=\"twitter:data1\" content=\"4 minutes\" \/>\n<script type=\"application\/ld+json\" class=\"yoast-schema-graph\">{\"@context\":\"https:\\\/\\\/schema.org\",\"@graph\":[{\"@type\":\"WebPage\",\"@id\":\"https:\\\/\\\/eventsnaps.de\\\/hochzeitsfeiern\\\/\",\"url\":\"https:\\\/\\\/eventsnaps.de\\\/hochzeitsfeiern\\\/\",\"name\":\"Hochzeitsfeiern\",\"isPartOf\":{\"@id\":\"https:\\\/\\\/eventsnaps.de\\\/#website\"},\"datePublished\":\"2024-03-14T15:14:33+00:00\",\"dateModified\":\"2024-10-17T17:18:38+00:00\",\"description\":\"Miete eine hochwertige Fotobox f\u00fcr deine Hochzeit \u2713 Unser Snaptower bringt jede Hochzeitsgesellschaft auf Hochtouren :)\",\"breadcrumb\":{\"@id\":\"https:\\\/\\\/eventsnaps.de\\\/hochzeitsfeiern\\\/#breadcrumb\"},\"inLanguage\":\"en-US\",\"potentialAction\":[{\"@type\":\"ReadAction\",\"target\":[\"https:\\\/\\\/eventsnaps.de\\\/hochzeitsfeiern\\\/\"]}]},{\"@type\":\"BreadcrumbList\",\"@id\":\"https:\\\/\\\/eventsnaps.de\\\/hochzeitsfeiern\\\/#breadcrumb\",\"itemListElement\":[{\"@type\":\"ListItem\",\"position\":1,\"name\":\"Startseite\",\"item\":\"https:\\\/\\\/eventsnaps.de\\\/\"},{\"@type\":\"ListItem\",\"position\":2,\"name\":\"Hochzeitsfeiern\"}]},{\"@type\":\"WebSite\",\"@id\":\"https:\\\/\\\/eventsnaps.de\\\/#website\",\"url\":\"https:\\\/\\\/eventsnaps.de\\\/\",\"name\":\"Eventsnaps\",\"description\":\"\",\"potentialAction\":[{\"@type\":\"SearchAction\",\"target\":{\"@type\":\"EntryPoint\",\"urlTemplate\":\"https:\\\/\\\/eventsnaps.de\\\/?s={search_term_string}\"},\"query-input\":{\"@type\":\"PropertyValueSpecification\",\"valueRequired\":true,\"valueName\":\"search_term_string\"}}],\"inLanguage\":\"en-US\"}]}<\/script>\n<!-- \/ Yoast SEO plugin. -->","yoast_head_json":{"title":"Weddings","description":"Miete eine hochwertige Fotobox f\u00fcr deine Hochzeit \u2713 Unser Snaptower bringt jede Hochzeitsgesellschaft auf Hochtouren :)","robots":{"index":"index","follow":"follow","max-snippet":"max-snippet:-1","max-image-preview":"max-image-preview:large","max-video-preview":"max-video-preview:-1"},"canonical":"https:\/\/eventsnaps.de\/en\/hochzeitsfeiern\/","og_locale":"en_US","og_type":"article","og_title":"Hochzeitsfeiern","og_description":"Miete eine hochwertige Fotobox f\u00fcr deine Hochzeit \u2713 Unser Snaptower bringt jede Hochzeitsgesellschaft auf Hochtouren :)","og_url":"https:\/\/eventsnaps.de\/en\/hochzeitsfeiern\/","og_site_name":"Eventsnaps","article_modified_time":"2024-10-17T17:18:38+00:00","twitter_card":"summary_large_image","twitter_misc":{"Est. reading time":"4 minutes"},"schema":{"@context":"https:\/\/schema.org","@graph":[{"@type":"WebPage","@id":"https:\/\/eventsnaps.de\/hochzeitsfeiern\/","url":"https:\/\/eventsnaps.de\/hochzeitsfeiern\/","name":"Weddings","isPartOf":{"@id":"https:\/\/eventsnaps.de\/#website"},"datePublished":"2024-03-14T15:14:33+00:00","dateModified":"2024-10-17T17:18:38+00:00","description":"Miete eine hochwertige Fotobox f\u00fcr deine Hochzeit \u2713 Unser Snaptower bringt jede Hochzeitsgesellschaft auf Hochtouren :)","breadcrumb":{"@id":"https:\/\/eventsnaps.de\/hochzeitsfeiern\/#breadcrumb"},"inLanguage":"en-US","potentialAction":[{"@type":"ReadAction","target":["https:\/\/eventsnaps.de\/hochzeitsfeiern\/"]}]},{"@type":"BreadcrumbList","@id":"https:\/\/eventsnaps.de\/hochzeitsfeiern\/#breadcrumb","itemListElement":[{"@type":"ListItem","position":1,"name":"Startseite","item":"https:\/\/eventsnaps.de\/"},{"@type":"ListItem","position":2,"name":"Hochzeitsfeiern"}]},{"@type":"WebSite","@id":"https:\/\/eventsnaps.de\/#website","url":"https:\/\/eventsnaps.de\/","name":"Eventsnaps","description":"","potentialAction":[{"@type":"SearchAction","target":{"@type":"EntryPoint","urlTemplate":"https:\/\/eventsnaps.de\/?s={search_term_string}"},"query-input":{"@type":"PropertyValueSpecification","valueRequired":true,"valueName":"search_term_string"}}],"inLanguage":"en-US"}]}},"_links":{"self":[{"href":"https:\/\/eventsnaps.de\/en\/wp-json\/wp\/v2\/pages\/156","targetHints":{"allow":["GET"]}}],"collection":[{"href":"https:\/\/eventsnaps.de\/en\/wp-json\/wp\/v2\/pages"}],"about":[{"href":"https:\/\/eventsnaps.de\/en\/wp-json\/wp\/v2\/types\/page"}],"author":[{"embeddable":true,"href":"https:\/\/eventsnaps.de\/en\/wp-json\/wp\/v2\/users\/1"}],"replies":[{"embeddable":true,"href":"https:\/\/eventsnaps.de\/en\/wp-json\/wp\/v2\/comments?post=156"}],"version-history":[{"count":34,"href":"https:\/\/eventsnaps.de\/en\/wp-json\/wp\/v2\/pages\/156\/revisions"}],"predecessor-version":[{"id":1501,"href":"https:\/\/eventsnaps.de\/en\/wp-json\/wp\/v2\/pages\/156\/revisions\/1501"}],"wp:attachment":[{"href":"https:\/\/eventsnaps.de\/en\/wp-json\/wp\/v2\/media?parent=156"}],"curies":[{"name":"wp","href":"https:\/\/api.w.org\/{rel}","templated":true}]}}